{"id":268,"date":"2025-06-05T13:18:58","date_gmt":"2025-06-05T13:18:58","guid":{"rendered":"https:\/\/trusting-bouman.217-160-68-194.plesk.page\/?page_id=268"},"modified":"2025-07-11T07:58:50","modified_gmt":"2025-07-11T07:58:50","slug":"faq","status":"publish","type":"page","link":"https:\/\/e-clid.io\/index.php\/faq\/","title":{"rendered":"FAQ"},"content":{"rendered":"\n<div style=\"height:100px\" aria-hidden=\"true\" class=\"wp-block-spacer is-style-spacer-m\"><\/div>\n\n\n\n<div class=\"wp-block-group alignfull advanced-dropdown-section has-global-padding is-layout-constrained wp-block-group-is-layout-constrained\">\n<h2 class=\"wp-block-heading has-text-align-center is-title-1\">Questions fr\u00e9quentes<\/h2>\n\n\n\n<p class=\"has-text-align-center has-margin-top-l\">L&rsquo;\u00e9quipe E-clid r\u00e9pond \u00e0 vos interrogations <\/p>\n\n\n\n<div class=\"wp-block-columns alignwide advanced-dropdown-container has-gap-full has-margin-top-full is-layout-flex wp-container-core-columns-is-layout-28f84493 wp-block-columns-is-layout-flex\">\n<div class=\"wp-block-column dropdown-image-column is-layout-flow wp-block-column-is-layout-flow\">\n<div class=\"wp-block-group dropdown-image-wrapper is-layout-flow wp-block-group-is-layout-flow\">\n<figure class=\"wp-block-image size-large dropdown-image dropdown-image-1 is-active has-margin-none\"><img decoding=\"async\" src=\"https:\/\/e-clid.io\/wp-content\/uploads\/2025\/05\/Personne-4.png\" alt=\"Image pour le premier dropdown\" class=\"wp-image-1\"\/><\/figure>\n\n\n\n<figure class=\"wp-block-image size-large dropdown-image dropdown-image-2 has-margin-none\"><img decoding=\"async\" src=\"https:\/\/e-clid.io\/wp-content\/uploads\/2025\/05\/Personne-3.png\" alt=\"Image pour le deuxiu00e8me dropdown\" class=\"wp-image-2\"\/><\/figure>\n\n\n\n<figure class=\"wp-block-image size-large dropdown-image dropdown-image-3 has-margin-none\"><img decoding=\"async\" src=\"https:\/\/e-clid.io\/wp-content\/uploads\/2025\/05\/Personne.png\" alt=\"Image pour le troisiu00e8me dropdown\" class=\"wp-image-3\"\/><\/figure>\n\n\n\n<figure class=\"wp-block-image size-large dropdown-image dropdown-image-4 has-margin-none\"><img decoding=\"async\" src=\"https:\/\/e-clid.io\/wp-content\/uploads\/2025\/05\/Personne-1.png\" alt=\"Image pour le troisiu00e8me dropdown\" class=\"wp-image-4\"\/><\/figure>\n<\/div>\n<\/div>\n\n\n\n<div class=\"wp-block-column dropdown-content-column is-layout-flow wp-block-column-is-layout-flow\">\n<div class=\"wp-block-group dropdown-component dropdown-1 is-open has-margin-none has-padding-x-none has-padding-y has-padding-y-top-none is-layout-flow wp-block-group-is-layout-flow\">\n<div class=\"wp-block-group dropdown-header has-padding-none is-layout-flow wp-block-group-is-layout-flow\">\n<h3 class=\"wp-block-heading is-title-2\">Quelles sont les donn\u00e9es int\u00e9gr\u00e9es \u00e0 E-Clid&nbsp;?<\/h3>\n\n\n\n<div class=\"wp-block-group dropdown-toggle is-layout-flow wp-block-group-is-layout-flow\">\n<figure class=\"wp-block-image size-full is-resized\"><img decoding=\"async\" src=\"https:\/\/e-clid.io\/wp-content\/uploads\/2025\/05\/Icone-fleche-vers-le-bas.svg\" alt=\"Fl\u00e8che dropdown\"\/><\/figure>\n<\/div>\n<\/div>\n\n\n\n<div class=\"wp-block-group dropdown-content has-padding-none has-margin-top-base is-layout-flow wp-block-group-is-layout-flow\">\n<p class=\"dropdown-description\">Seuls les Fichiers des Ecritures Comptables (FEC) aux formats .XLS, .CSV ou .TXT sont n\u00e9cessaires au bon fonctionnement d\u2019E-Clid. Il est n\u00e9cessaire d\u2019int\u00e9grer le <strong>FEC de l\u2019exercice en cours et celui de l\u2019exercice pr\u00e9c\u00e9dent<\/strong> afin d\u2019augmenter la p\u00e9riode d\u2019analyse.<\/p>\n<\/div>\n<\/div>\n\n\n\n<div class=\"wp-block-group dropdown-component dropdown-2 is-open has-margin-none has-padding-x-none has-padding-y is-layout-flow wp-block-group-is-layout-flow\">\n<div class=\"wp-block-group dropdown-header has-padding-none is-layout-flow wp-block-group-is-layout-flow\">\n<h3 class=\"wp-block-heading is-title-2\">O\u00f9 sont stock\u00e9s nos donn\u00e9es&nbsp;?<\/h3>\n\n\n\n<div class=\"wp-block-group dropdown-toggle is-layout-flow wp-block-group-is-layout-flow\">\n<figure class=\"wp-block-image size-full is-resized\"><img decoding=\"async\" src=\"https:\/\/e-clid.io\/wp-content\/uploads\/2025\/05\/Icone-fleche-vers-le-bas.svg\" alt=\"Fl\u00e8che dropdown\"\/><\/figure>\n<\/div>\n<\/div>\n\n\n\n<div class=\"wp-block-group dropdown-content has-padding-none has-margin-top-base is-layout-flow wp-block-group-is-layout-flow\">\n<p class=\"dropdown-description\">Les FEC sont stock\u00e9s sur nos serveurs Amazon Web Services, situ\u00e9s en Europe (et donc soumis et conformes \u00e0 la RGPD) qui pr\u00e9sentent tous les certificats pour assurer une s\u00e9curit\u00e9 optimale de vos donn\u00e9es. Elles seront exclusivement utilis\u00e9es dans le cadre de l&rsquo;am\u00e9lioration continue du service SaaS et ne seront jamais associ\u00e9es \u00e0 des donn\u00e9es personnelles ou sp\u00e9cifiques au client.<\/p>\n<\/div>\n<\/div>\n\n\n\n<div class=\"wp-block-group dropdown-component dropdown-3 is-open has-margin-none has-padding-x-none has-padding-y is-layout-flow wp-block-group-is-layout-flow\">\n<div class=\"wp-block-group dropdown-header has-padding-none is-layout-flow wp-block-group-is-layout-flow\">\n<h3 class=\"wp-block-heading is-title-2\">Combien co\u00fbte l\u2019abonnement \u00e0 E-clid ?<\/h3>\n\n\n\n<div class=\"wp-block-group dropdown-toggle is-layout-flow wp-block-group-is-layout-flow\">\n<figure class=\"wp-block-image size-full is-resized\"><img decoding=\"async\" src=\"https:\/\/e-clid.io\/wp-content\/uploads\/2025\/05\/Icone-fleche-vers-le-bas.svg\" alt=\"Fl\u00e8che dropdown\"\/><\/figure>\n<\/div>\n<\/div>\n\n\n\n<div class=\"wp-block-group dropdown-content has-padding-none has-margin-top-base is-layout-flow wp-block-group-is-layout-flow\">\n<p class=\"dropdown-description\">L\u2019abonnement aux services d\u2019E-Clid varie en fonction du nombre de licences souscrites, une licence correspondant \u00e0 une entit\u00e9 juridique analys\u00e9e avec un nombre d\u2019utilisateur illimit\u00e9. Rendez-vous sur notre page <a href=\"https:\/\/e-clid.io\/index.php\/tarifs\/\">Tarifs<\/a>.<br>Nos tarifs sont valables pour des FEC d\u2019une taille maximale de 500.000 lignes chacun. Au-del\u00e0, la tarification devra faire l\u2019objet d\u2019un devis.<\/p>\n<\/div>\n<\/div>\n\n\n\n<div class=\"wp-block-group dropdown-component dropdown-4 is-open has-margin-none has-padding-x-none has-padding-y is-layout-flow wp-block-group-is-layout-flow\">\n<div class=\"wp-block-group dropdown-header has-padding-none is-layout-flow wp-block-group-is-layout-flow\">\n<h3 class=\"wp-block-heading is-title-2\">Quels sont les param\u00e9trages n\u00e9cessaires \u00e0 la bonne utilisation d\u2019E-Clid&nbsp;?<\/h3>\n\n\n\n<div class=\"wp-block-group dropdown-toggle is-layout-flow wp-block-group-is-layout-flow\">\n<figure class=\"wp-block-image size-full is-resized\"><img decoding=\"async\" src=\"https:\/\/e-clid.io\/wp-content\/uploads\/2025\/05\/Icone-fleche-vers-le-bas.svg\" alt=\"Fl\u00e8che dropdown\"\/><\/figure>\n<\/div>\n<\/div>\n\n\n\n<div class=\"wp-block-group dropdown-content has-padding-none has-margin-top-base is-layout-flow wp-block-group-is-layout-flow\">\n<p class=\"dropdown-description\">Les seuls param\u00e9trages concernent l\u2019ouverture du dossier de l\u2019entit\u00e9 analys\u00e9e (Nom, Num\u00e9ro RCS), la cr\u00e9ation des utilisateurs (adresse mail) et la mod\u00e9lisation de la marge.<br>E-Clid reconna\u00eet automatiquement les plans de comptes, les journaux et les dates de d\u00e9but d\u2019exercice.<\/p>\n<\/div>\n<\/div>\n\n\n\n<div class=\"wp-block-group dropdown-component dropdown-4 is-open has-margin-none has-padding-x-none has-padding-y is-layout-flow wp-block-group-is-layout-flow\">\n<div class=\"wp-block-group dropdown-header has-padding-none is-layout-flow wp-block-group-is-layout-flow\">\n<h3 class=\"wp-block-heading is-title-2\">Est-ce que la comptabilit\u00e9 de l\u2019exercice N-1 doit \u00eatre cl\u00f4tur\u00e9e&nbsp;?<\/h3>\n\n\n\n<div class=\"wp-block-group dropdown-toggle is-layout-flow wp-block-group-is-layout-flow\">\n<figure class=\"wp-block-image size-full is-resized\"><img decoding=\"async\" src=\"https:\/\/e-clid.io\/wp-content\/uploads\/2025\/05\/Icone-fleche-vers-le-bas.svg\" alt=\"Fl\u00e8che dropdown\"\/><\/figure>\n<\/div>\n<\/div>\n\n\n\n<div class=\"wp-block-group dropdown-content has-padding-none has-margin-top-base is-layout-flow wp-block-group-is-layout-flow\">\n<p class=\"dropdown-description\">Il est possible d\u2019int\u00e9grer une FEC provisoire de l\u2019exercice N-1. Si les A Nouveaux ne sont pas constat\u00e9s dans le FEC N, E-Clid se charge de les g\u00e9n\u00e9rer sur la base des soldes N-1.<\/p>\n<\/div>\n<\/div>\n\n\n\n<div class=\"wp-block-group dropdown-component dropdown-4 is-open has-margin-none has-padding-x-none has-padding-y is-layout-flow wp-block-group-is-layout-flow\">\n<div class=\"wp-block-group dropdown-header has-padding-none is-layout-flow wp-block-group-is-layout-flow\">\n<h3 class=\"wp-block-heading is-title-2\">Est-ce qu\u2019il est possible d\u2019accorder des droits \u00e0 une personne qui ne fait pas partie de notre organisation&nbsp;?<\/h3>\n\n\n\n<div class=\"wp-block-group dropdown-toggle is-layout-flow wp-block-group-is-layout-flow\">\n<figure class=\"wp-block-image size-full is-resized\"><img decoding=\"async\" src=\"https:\/\/e-clid.io\/wp-content\/uploads\/2025\/05\/Icone-fleche-vers-le-bas.svg\" alt=\"Fl\u00e8che dropdown\"\/><\/figure>\n<\/div>\n<\/div>\n\n\n\n<div class=\"wp-block-group dropdown-content has-padding-none has-margin-top-base is-layout-flow wp-block-group-is-layout-flow\">\n<p class=\"dropdown-description\">Il est parfaitement possible de donner des droits d\u2019acc\u00e8s une personne ext\u00e9rieure \u00e0 l\u2019organisation.<\/p>\n<\/div>\n<\/div>\n\n\n\n<div class=\"wp-block-button is-style-fill is-dropdown-button\"><a class=\"wp-block-button__link wp-element-button\" href=\"https:\/\/e-clid.io\/index.php\/contact\/\">Une autre question ? <img decoding=\"async\" src=\"https:\/\/e-clid.io\/wp-content\/uploads\/2025\/05\/Icone-fleche-droite.svg\" alt=\"Fl\u00e8che dropdown\"><\/a><\/div>\n<\/div>\n<\/div>\n<\/div>\n","protected":false},"excerpt":{"rendered":"<p>Questions fr\u00e9quentes L&rsquo;\u00e9quipe E-clid r\u00e9pond \u00e0 vos interrogations Quelles sont les donn\u00e9es int\u00e9gr\u00e9es \u00e0 E-Clid&nbsp;? Seuls les Fichiers des Ecritures Comptables (FEC) aux formats .XLS, .CSV ou .TXT sont n\u00e9cessaires au bon fonctionnement d\u2019E-Clid. Il est n\u00e9cessaire d\u2019int\u00e9grer le FEC de l\u2019exercice en cours et celui de l\u2019exercice pr\u00e9c\u00e9dent afin d\u2019augmenter la p\u00e9riode d\u2019analyse. O\u00f9 [&hellip;]<\/p>\n","protected":false},"author":1,"featured_media":0,"parent":0,"menu_order":0,"comment_status":"closed","ping_status":"closed","template":"","meta":{"inline_featured_image":false,"footnotes":""},"folder":[],"class_list":["post-268","page","type-page","status-publish","hentry"],"yoast_head":"<!-- This site is optimized with the Yoast SEO plugin v27.5 - https:\/\/yoast.com\/product\/yoast-seo-wordpress\/ -->\n<title>FAQ | E-Clid<\/title>\n<meta name=\"description\" content=\"L&#039;\u00e9quipe E-clid r\u00e9pond \u00e0 vos interrogations\" \/>\n<meta name=\"robots\" content=\"index, follow, max-snippet:-1, max-image-preview:large, max-video-preview:-1\" \/>\n<link rel=\"canonical\" href=\"https:\/\/e-clid.io\/index.php\/faq\/\" \/>\n<meta property=\"og:locale\" content=\"fr_FR\" \/>\n<meta property=\"og:type\" content=\"article\" \/>\n<meta property=\"og:title\" content=\"FAQ | E-Clid\" \/>\n<meta property=\"og:description\" content=\"L&#039;\u00e9quipe E-clid r\u00e9pond \u00e0 vos interrogations\" \/>\n<meta property=\"og:url\" content=\"https:\/\/e-clid.io\/index.php\/faq\/\" \/>\n<meta property=\"og:site_name\" content=\"E-Clid\" \/>\n<meta property=\"article:modified_time\" content=\"2025-07-11T07:58:50+00:00\" \/>\n<meta property=\"og:image\" content=\"https:\/\/e-clid.io\/wp-content\/uploads\/2025\/07\/Screenhot-E-Clid.io_.png\" \/>\n\t<meta property=\"og:image:width\" content=\"1737\" \/>\n\t<meta property=\"og:image:height\" content=\"721\" \/>\n\t<meta property=\"og:image:type\" content=\"image\/png\" \/>\n<meta name=\"twitter:card\" content=\"summary_large_image\" \/>\n<meta name=\"twitter:label1\" content=\"Dur\u00e9e de lecture estim\u00e9e\" \/>\n\t<meta name=\"twitter:data1\" content=\"4 minutes\" \/>\n<script type=\"application\/ld+json\" class=\"yoast-schema-graph\">{\"@context\":\"https:\\\/\\\/schema.org\",\"@graph\":[{\"@type\":\"WebPage\",\"@id\":\"https:\\\/\\\/e-clid.io\\\/index.php\\\/faq\\\/\",\"url\":\"https:\\\/\\\/e-clid.io\\\/index.php\\\/faq\\\/\",\"name\":\"FAQ | E-Clid\",\"isPartOf\":{\"@id\":\"https:\\\/\\\/e-clid.io\\\/#website\"},\"primaryImageOfPage\":{\"@id\":\"https:\\\/\\\/e-clid.io\\\/index.php\\\/faq\\\/#primaryimage\"},\"image\":{\"@id\":\"https:\\\/\\\/e-clid.io\\\/index.php\\\/faq\\\/#primaryimage\"},\"thumbnailUrl\":\"https:\\\/\\\/e-clid.io\\\/wp-content\\\/uploads\\\/2025\\\/05\\\/Personne-4.png\",\"datePublished\":\"2025-06-05T13:18:58+00:00\",\"dateModified\":\"2025-07-11T07:58:50+00:00\",\"description\":\"L'\u00e9quipe E-clid r\u00e9pond \u00e0 vos interrogations\",\"breadcrumb\":{\"@id\":\"https:\\\/\\\/e-clid.io\\\/index.php\\\/faq\\\/#breadcrumb\"},\"inLanguage\":\"fr-FR\",\"potentialAction\":[{\"@type\":\"ReadAction\",\"target\":[\"https:\\\/\\\/e-clid.io\\\/index.php\\\/faq\\\/\"]}]},{\"@type\":\"ImageObject\",\"inLanguage\":\"fr-FR\",\"@id\":\"https:\\\/\\\/e-clid.io\\\/index.php\\\/faq\\\/#primaryimage\",\"url\":\"https:\\\/\\\/e-clid.io\\\/wp-content\\\/uploads\\\/2025\\\/05\\\/Personne-4.png\",\"contentUrl\":\"https:\\\/\\\/e-clid.io\\\/wp-content\\\/uploads\\\/2025\\\/05\\\/Personne-4.png\",\"width\":678,\"height\":600},{\"@type\":\"BreadcrumbList\",\"@id\":\"https:\\\/\\\/e-clid.io\\\/index.php\\\/faq\\\/#breadcrumb\",\"itemListElement\":[{\"@type\":\"ListItem\",\"position\":1,\"name\":\"Accueil\",\"item\":\"https:\\\/\\\/e-clid.io\\\/\"},{\"@type\":\"ListItem\",\"position\":2,\"name\":\"FAQ\"}]},{\"@type\":\"WebSite\",\"@id\":\"https:\\\/\\\/e-clid.io\\\/#website\",\"url\":\"https:\\\/\\\/e-clid.io\\\/\",\"name\":\"E-Clid\",\"description\":\"L\u2019automatisation des contr\u00f4les des donn\u00e9es comptables au sein d\u2019un m\u00eame logiciel.\",\"alternateName\":\"E-Clid, Acc\u00e9l\u00e9rateur de cl\u00f4ture !\",\"potentialAction\":[{\"@type\":\"SearchAction\",\"target\":{\"@type\":\"EntryPoint\",\"urlTemplate\":\"https:\\\/\\\/e-clid.io\\\/?s={search_term_string}\"},\"query-input\":{\"@type\":\"PropertyValueSpecification\",\"valueRequired\":true,\"valueName\":\"search_term_string\"}}],\"inLanguage\":\"fr-FR\"}]}<\/script>\n<!-- \/ Yoast SEO plugin. -->","yoast_head_json":{"title":"FAQ | E-Clid","description":"L'\u00e9quipe E-clid r\u00e9pond \u00e0 vos interrogations","robots":{"index":"index","follow":"follow","max-snippet":"max-snippet:-1","max-image-preview":"max-image-preview:large","max-video-preview":"max-video-preview:-1"},"canonical":"https:\/\/e-clid.io\/index.php\/faq\/","og_locale":"fr_FR","og_type":"article","og_title":"FAQ | E-Clid","og_description":"L'\u00e9quipe E-clid r\u00e9pond \u00e0 vos interrogations","og_url":"https:\/\/e-clid.io\/index.php\/faq\/","og_site_name":"E-Clid","article_modified_time":"2025-07-11T07:58:50+00:00","og_image":[{"width":1737,"height":721,"url":"https:\/\/e-clid.io\/wp-content\/uploads\/2025\/07\/Screenhot-E-Clid.io_.png","type":"image\/png"}],"twitter_card":"summary_large_image","twitter_misc":{"Dur\u00e9e de lecture estim\u00e9e":"4 minutes"},"schema":{"@context":"https:\/\/schema.org","@graph":[{"@type":"WebPage","@id":"https:\/\/e-clid.io\/index.php\/faq\/","url":"https:\/\/e-clid.io\/index.php\/faq\/","name":"FAQ | E-Clid","isPartOf":{"@id":"https:\/\/e-clid.io\/#website"},"primaryImageOfPage":{"@id":"https:\/\/e-clid.io\/index.php\/faq\/#primaryimage"},"image":{"@id":"https:\/\/e-clid.io\/index.php\/faq\/#primaryimage"},"thumbnailUrl":"https:\/\/e-clid.io\/wp-content\/uploads\/2025\/05\/Personne-4.png","datePublished":"2025-06-05T13:18:58+00:00","dateModified":"2025-07-11T07:58:50+00:00","description":"L'\u00e9quipe E-clid r\u00e9pond \u00e0 vos interrogations","breadcrumb":{"@id":"https:\/\/e-clid.io\/index.php\/faq\/#breadcrumb"},"inLanguage":"fr-FR","potentialAction":[{"@type":"ReadAction","target":["https:\/\/e-clid.io\/index.php\/faq\/"]}]},{"@type":"ImageObject","inLanguage":"fr-FR","@id":"https:\/\/e-clid.io\/index.php\/faq\/#primaryimage","url":"https:\/\/e-clid.io\/wp-content\/uploads\/2025\/05\/Personne-4.png","contentUrl":"https:\/\/e-clid.io\/wp-content\/uploads\/2025\/05\/Personne-4.png","width":678,"height":600},{"@type":"BreadcrumbList","@id":"https:\/\/e-clid.io\/index.php\/faq\/#breadcrumb","itemListElement":[{"@type":"ListItem","position":1,"name":"Accueil","item":"https:\/\/e-clid.io\/"},{"@type":"ListItem","position":2,"name":"FAQ"}]},{"@type":"WebSite","@id":"https:\/\/e-clid.io\/#website","url":"https:\/\/e-clid.io\/","name":"E-Clid","description":"L\u2019automatisation des contr\u00f4les des donn\u00e9es comptables au sein d\u2019un m\u00eame logiciel.","alternateName":"E-Clid, Acc\u00e9l\u00e9rateur de cl\u00f4ture !","potentialAction":[{"@type":"SearchAction","target":{"@type":"EntryPoint","urlTemplate":"https:\/\/e-clid.io\/?s={search_term_string}"},"query-input":{"@type":"PropertyValueSpecification","valueRequired":true,"valueName":"search_term_string"}}],"inLanguage":"fr-FR"}]}},"_links":{"self":[{"href":"https:\/\/e-clid.io\/index.php\/wp-json\/wp\/v2\/pages\/268","targetHints":{"allow":["GET"]}}],"collection":[{"href":"https:\/\/e-clid.io\/index.php\/wp-json\/wp\/v2\/pages"}],"about":[{"href":"https:\/\/e-clid.io\/index.php\/wp-json\/wp\/v2\/types\/page"}],"author":[{"embeddable":true,"href":"https:\/\/e-clid.io\/index.php\/wp-json\/wp\/v2\/users\/1"}],"replies":[{"embeddable":true,"href":"https:\/\/e-clid.io\/index.php\/wp-json\/wp\/v2\/comments?post=268"}],"version-history":[{"count":12,"href":"https:\/\/e-clid.io\/index.php\/wp-json\/wp\/v2\/pages\/268\/revisions"}],"predecessor-version":[{"id":698,"href":"https:\/\/e-clid.io\/index.php\/wp-json\/wp\/v2\/pages\/268\/revisions\/698"}],"wp:attachment":[{"href":"https:\/\/e-clid.io\/index.php\/wp-json\/wp\/v2\/media?parent=268"}],"wp:term":[{"taxonomy":"folder","embeddable":true,"href":"https:\/\/e-clid.io\/index.php\/wp-json\/wp\/v2\/folder?post=268"}],"curies":[{"name":"wp","href":"https:\/\/api.w.org\/{rel}","templated":true}]}}