{"id":339,"date":"2025-06-10T10:10:04","date_gmt":"2025-06-10T10:10:04","guid":{"rendered":"https:\/\/trusting-bouman.217-160-68-194.plesk.page\/?page_id=339"},"modified":"2025-07-09T13:33:30","modified_gmt":"2025-07-09T13:33:30","slug":"commissaire-aux-comptes","status":"publish","type":"page","link":"https:\/\/e-clid.io\/index.php\/commissaire-aux-comptes\/","title":{"rendered":"Commissaire aux comptes"},"content":{"rendered":"\n<div class=\"wp-block-group alignfull is-banner-pour-qui-container has-global-padding is-layout-constrained wp-block-group-is-layout-constrained\">\n<div class=\"wp-block-columns alignwide are-vertically-aligned-center has-gap-xxl is-banner-pour-qui-columns is-layout-flex wp-container-core-columns-is-layout-28f84493 wp-block-columns-is-layout-flex\">\n<div class=\"wp-block-column is-vertically-aligned-center is-flex-container is-flex-column has-gap-full is-layout-flow wp-block-column-is-layout-flow\" style=\"flex-basis:50%\">\n<h2 class=\"wp-block-heading is-title-1 has-margin-right-m\">Commissaire aux <span class=\"is-text-gradient\">comptes<\/span><\/h2>\n\n\n\n<p>Transformez vos processus d&rsquo;audit avec E-Clid pour une efficacit\u00e9 et une pr\u00e9cision accrues.<\/p>\n\n\n\n<div class=\"wp-block-buttons has-margin-none is-layout-flex wp-block-buttons-is-layout-flex\">\n<div class=\"wp-block-button is-style-outline has-margin-right-base is-style-outline--1\"><a class=\"wp-block-button__link wp-element-button\" href=\"https:\/\/e-clid.io\/index.php\/fonctionnalites\/\">D\u00e9couvrir l&rsquo;application<\/a><\/div>\n\n\n\n<div class=\"wp-block-button is-style-gradient\"><a class=\"wp-block-button__link wp-element-button\" href=\"https:\/\/cal.com\/e-clid\" target=\"_blank\" rel=\"noreferrer noopener\">Demander un DEMO<\/a><\/div>\n<\/div>\n<\/div>\n\n\n\n<div class=\"wp-block-column is-vertically-aligned-center is-layout-flow wp-block-column-is-layout-flow\" style=\"flex-basis:50%\">\n<figure class=\"wp-block-image aligncenter size-large has-custom-border has-shadow-right-theme\"><img loading=\"lazy\" decoding=\"async\" width=\"1024\" height=\"540\" src=\"https:\/\/e-clid.io\/wp-content\/uploads\/2025\/06\/photo-1738566061977-fdd59ca5b08e-1024x540.avif\" alt=\"\" class=\"wp-image-440\" style=\"border-radius:20px\" srcset=\"https:\/\/e-clid.io\/wp-content\/uploads\/2025\/06\/photo-1738566061977-fdd59ca5b08e-1024x540.avif 1024w, https:\/\/e-clid.io\/wp-content\/uploads\/2025\/06\/photo-1738566061977-fdd59ca5b08e-300x158.avif 300w, https:\/\/e-clid.io\/wp-content\/uploads\/2025\/06\/photo-1738566061977-fdd59ca5b08e-768x405.avif 768w, https:\/\/e-clid.io\/wp-content\/uploads\/2025\/06\/photo-1738566061977-fdd59ca5b08e-1536x810.avif 1536w, https:\/\/e-clid.io\/wp-content\/uploads\/2025\/06\/photo-1738566061977-fdd59ca5b08e.avif 2000w\" sizes=\"auto, (max-width: 1024px) 100vw, 1024px\" \/><\/figure>\n<\/div>\n<\/div>\n<\/div>\n\n\n\n<div style=\"height:100px\" aria-hidden=\"true\" class=\"wp-block-spacer is-style-spacer-l\"><\/div>\n\n\n\n<div class=\"wp-block-group alignfull advanced-dropdown-section has-global-padding is-layout-constrained wp-block-group-is-layout-constrained\">\n<h2 class=\"wp-block-heading has-text-align-center is-title-1\">Des <span class=\"is-text-gradient\">fonctionnalit\u00e9s adapt\u00e9es <\/span> adapt\u00e9es \u00e0 vos besoins de commissaire aux comptes.<\/h2>\n\n\n\n<div class=\"wp-block-columns alignwide advanced-dropdown-container has-gap-full has-margin-top-full is-layout-flex wp-container-core-columns-is-layout-28f84493 wp-block-columns-is-layout-flex\">\n<div class=\"wp-block-column dropdown-image-column is-layout-flow wp-block-column-is-layout-flow\">\n<div class=\"wp-block-group dropdown-image-wrapper is-layout-flow wp-block-group-is-layout-flow\">\n<figure class=\"wp-block-image size-full size-large dropdown-image dropdown-image-1 is-active has-margin-none\"><img loading=\"lazy\" decoding=\"async\" width=\"678\" height=\"600\" src=\"https:\/\/e-clid.io\/wp-content\/uploads\/2025\/05\/Personne-1.png\" alt=\"\" class=\"wp-image-12\" srcset=\"https:\/\/e-clid.io\/wp-content\/uploads\/2025\/05\/Personne-1.png 678w, https:\/\/e-clid.io\/wp-content\/uploads\/2025\/05\/Personne-1-300x265.png 300w\" sizes=\"auto, (max-width: 678px) 100vw, 678px\" \/><\/figure>\n<\/div>\n<\/div>\n\n\n\n<div class=\"wp-block-column dropdown-content-column is-layout-flow wp-block-column-is-layout-flow\">\n<div class=\"wp-block-group dropdown-component dropdown-1 is-open has-margin-none has-padding-x-none has-padding-y has-padding-y-top-none is-layout-flow wp-block-group-is-layout-flow\">\n<div class=\"wp-block-group dropdown-header has-padding-none is-layout-flow wp-block-group-is-layout-flow\">\n<h3 class=\"wp-block-heading is-title-2\">Automatisation des contr\u00f4les comptables<\/h3>\n\n\n\n<div class=\"wp-block-group dropdown-toggle is-layout-flow wp-block-group-is-layout-flow\">\n<figure class=\"wp-block-image size-full is-resized\"><img decoding=\"async\" src=\"https:\/\/e-clid.io\/wp-content\/uploads\/2025\/05\/Icone-fleche-vers-le-bas.svg\" alt=\"Fl\u00e8che dropdown\"\/><\/figure>\n<\/div>\n<\/div>\n\n\n\n<div class=\"wp-block-group dropdown-content has-padding-none has-margin-top-base is-layout-flow wp-block-group-is-layout-flow\">\n<p class=\"dropdown-description\">E-clid permet de faciliter le processus des contr\u00f4les comptables en automatisant la collecte et l&rsquo;analyse des \u00e9critures comptables. Cela aide le commissaire aux comptes \u00e0 gagner du temps et \u00e0 minimiser les risques d&rsquo;erreurs humaines dans les v\u00e9rifications des comptes.<\/p>\n<\/div>\n<\/div>\n\n\n\n<div class=\"wp-block-group dropdown-component dropdown-1 is-open has-margin-none has-padding-x-none has-padding-y is-layout-flow wp-block-group-is-layout-flow\">\n<div class=\"wp-block-group dropdown-header has-padding-none is-layout-flow wp-block-group-is-layout-flow\">\n<h3 class=\"wp-block-heading is-title-2\">Analyse par cycles d&rsquo;audit<\/h3>\n\n\n\n<div class=\"wp-block-group dropdown-toggle is-layout-flow wp-block-group-is-layout-flow\">\n<figure class=\"wp-block-image size-full is-resized\"><img decoding=\"async\" src=\"https:\/\/e-clid.io\/wp-content\/uploads\/2025\/05\/Icone-fleche-vers-le-bas.svg\" alt=\"Fl\u00e8che dropdown\"\/><\/figure>\n<\/div>\n<\/div>\n\n\n\n<div class=\"wp-block-group dropdown-content has-padding-none has-margin-top-base is-layout-flow wp-block-group-is-layout-flow\">\n<p class=\"dropdown-description\">E-Clid fournit des analyses d\u00e9taill\u00e9es par cycle d&rsquo;audit, ce qui permet au commissaire aux comptes d&rsquo;effectuer une revue plus pr\u00e9cise et structur\u00e9e des \u00e9critures comptables dans diff\u00e9rents cycles, tels que les achats, les ventes, les salaires, etc. Cela am\u00e9liore l&rsquo;efficacit\u00e9 du processus de l\u2019audit financier.<\/p>\n<\/div>\n<\/div>\n\n\n\n<div class=\"wp-block-group dropdown-component dropdown-1 is-open has-margin-none has-padding-x-none has-padding-y is-layout-flow wp-block-group-is-layout-flow\">\n<div class=\"wp-block-group dropdown-header has-padding-none is-layout-flow wp-block-group-is-layout-flow\">\n<h3 class=\"wp-block-heading is-title-2\">V\u00e9rification de la coh\u00e9rence de la marge et de l&rsquo;\u00e9volution de la tr\u00e9sorerie<\/h3>\n\n\n\n<div class=\"wp-block-group dropdown-toggle is-layout-flow wp-block-group-is-layout-flow\">\n<figure class=\"wp-block-image size-full is-resized\"><img decoding=\"async\" src=\"https:\/\/e-clid.io\/wp-content\/uploads\/2025\/05\/Icone-fleche-vers-le-bas.svg\" alt=\"Fl\u00e8che dropdown\"\/><\/figure>\n<\/div>\n<\/div>\n\n\n\n<div class=\"wp-block-group dropdown-content has-padding-none has-margin-top-base is-layout-flow wp-block-group-is-layout-flow\">\n<p class=\"dropdown-description\">En s&rsquo;appuyant sur l&rsquo;analyse des marges et des flux de tr\u00e9sorerie, E-Clid permet de v\u00e9rifier la coh\u00e9rence des comptes. L&rsquo;analyse des flux de tr\u00e9sorerie permet \u00e9galement de v\u00e9rifier la solvabilit\u00e9 et la liquidit\u00e9 de l&rsquo;entreprise.<\/p>\n<\/div>\n<\/div>\n\n\n\n<div class=\"wp-block-group dropdown-component dropdown-1 is-open has-margin-none has-padding-x-none has-padding-y is-layout-flow wp-block-group-is-layout-flow\">\n<div class=\"wp-block-group dropdown-header has-padding-none is-layout-flow wp-block-group-is-layout-flow\">\n<h3 class=\"wp-block-heading is-title-2\">Audit plus rapide et pr\u00e9cis<\/h3>\n\n\n\n<div class=\"wp-block-group dropdown-toggle is-layout-flow wp-block-group-is-layout-flow\">\n<figure class=\"wp-block-image size-full is-resized\"><img decoding=\"async\" src=\"https:\/\/e-clid.io\/wp-content\/uploads\/2025\/05\/Icone-fleche-vers-le-bas.svg\" alt=\"Fl\u00e8che dropdown\"\/><\/figure>\n<\/div>\n<\/div>\n\n\n\n<div class=\"wp-block-group dropdown-content has-padding-none has-margin-top-base is-layout-flow wp-block-group-is-layout-flow\">\n<p class=\"dropdown-description\">Gr\u00e2ce aux outils d&rsquo;analyse de donn\u00e9es et de visualisation int\u00e9gr\u00e9s dans E-Clid, le commissaire aux comptes peut proc\u00e9der \u00e0 des audits financiers plus rapides, tout en ayant une visibilit\u00e9 claire sur les points \u00e0 risque. L&rsquo;automatisation r\u00e9duit \u00e9galement la probabilit\u00e9 de passer \u00e0 c\u00f4t\u00e9 de probl\u00e8mes comptables majeurs.<\/p>\n<\/div>\n<\/div>\n\n\n\n<div class=\"wp-block-button is-style-fill is-dropdown-button\"><a class=\"wp-block-button__link wp-element-button\" href=\"https:\/\/cal.com\/e-clid\" target=\"_blank\" rel=\"noreferrer noopener\">Prendre rendez-vous<img decoding=\"async\" src=\"https:\/\/e-clid.io\/wp-content\/uploads\/2025\/05\/Icone-fleche-droite.svg\" alt=\"Fl\u00e8che dropdown\"><\/a><\/div>\n<\/div>\n<\/div>\n<\/div>\n","protected":false},"excerpt":{"rendered":"<p>Commissaire aux comptes Transformez vos processus d&rsquo;audit avec E-Clid pour une efficacit\u00e9 et une pr\u00e9cision accrues. Des fonctionnalit\u00e9s adapt\u00e9es adapt\u00e9es \u00e0 vos besoins de commissaire aux comptes. Automatisation des contr\u00f4les comptables E-clid permet de faciliter le processus des contr\u00f4les comptables en automatisant la collecte et l&rsquo;analyse des \u00e9critures comptables. Cela aide le commissaire aux comptes [&hellip;]<\/p>\n","protected":false},"author":1,"featured_media":0,"parent":0,"menu_order":0,"comment_status":"closed","ping_status":"closed","template":"","meta":{"inline_featured_image":false,"footnotes":""},"folder":[],"class_list":["post-339","page","type-page","status-publish","hentry"],"yoast_head":"<!-- This site is optimized with the Yoast SEO plugin v27.5 - https:\/\/yoast.com\/product\/yoast-seo-wordpress\/ -->\n<title>Commissaire aux comptes | E-Clid<\/title>\n<meta name=\"description\" content=\"Transformez vos processus d&#039;audit avec E-Clid pour une efficacit\u00e9 et une pr\u00e9cision accrues.\" \/>\n<meta name=\"robots\" content=\"index, follow, max-snippet:-1, max-image-preview:large, max-video-preview:-1\" \/>\n<link rel=\"canonical\" href=\"https:\/\/trusting-bouman.217-160-68-194.plesk.page\/index.php\/commissaire-aux-comptes\/\" \/>\n<meta property=\"og:locale\" content=\"fr_FR\" \/>\n<meta property=\"og:type\" content=\"article\" \/>\n<meta property=\"og:title\" content=\"Commissaire aux comptes | E-Clid\" \/>\n<meta property=\"og:description\" content=\"Transformez vos processus d&#039;audit avec E-Clid pour une efficacit\u00e9 et une pr\u00e9cision accrues.\" \/>\n<meta property=\"og:url\" content=\"https:\/\/trusting-bouman.217-160-68-194.plesk.page\/index.php\/commissaire-aux-comptes\/\" \/>\n<meta property=\"og:site_name\" content=\"E-Clid\" \/>\n<meta property=\"article:modified_time\" content=\"2025-07-09T13:33:30+00:00\" \/>\n<meta property=\"og:image\" content=\"https:\/\/e-clid.io\/wp-content\/uploads\/2025\/07\/Screenhot-E-Clid.io_.png\" \/>\n\t<meta property=\"og:image:width\" content=\"1737\" \/>\n\t<meta property=\"og:image:height\" content=\"721\" \/>\n\t<meta property=\"og:image:type\" content=\"image\/png\" \/>\n<meta name=\"twitter:card\" content=\"summary_large_image\" \/>\n<meta name=\"twitter:label1\" content=\"Dur\u00e9e de lecture estim\u00e9e\" \/>\n\t<meta name=\"twitter:data1\" content=\"3 minutes\" \/>\n<script type=\"application\/ld+json\" class=\"yoast-schema-graph\">{\"@context\":\"https:\\\/\\\/schema.org\",\"@graph\":[{\"@type\":\"WebPage\",\"@id\":\"https:\\\/\\\/trusting-bouman.217-160-68-194.plesk.page\\\/index.php\\\/commissaire-aux-comptes\\\/\",\"url\":\"https:\\\/\\\/trusting-bouman.217-160-68-194.plesk.page\\\/index.php\\\/commissaire-aux-comptes\\\/\",\"name\":\"Commissaire aux comptes | E-Clid\",\"isPartOf\":{\"@id\":\"https:\\\/\\\/e-clid.io\\\/#website\"},\"primaryImageOfPage\":{\"@id\":\"https:\\\/\\\/trusting-bouman.217-160-68-194.plesk.page\\\/index.php\\\/commissaire-aux-comptes\\\/#primaryimage\"},\"image\":{\"@id\":\"https:\\\/\\\/trusting-bouman.217-160-68-194.plesk.page\\\/index.php\\\/commissaire-aux-comptes\\\/#primaryimage\"},\"thumbnailUrl\":\"https:\\\/\\\/e-clid.io\\\/wp-content\\\/uploads\\\/2025\\\/06\\\/photo-1738566061977-fdd59ca5b08e-1024x540.avif\",\"datePublished\":\"2025-06-10T10:10:04+00:00\",\"dateModified\":\"2025-07-09T13:33:30+00:00\",\"description\":\"Transformez vos processus d'audit avec E-Clid pour une efficacit\u00e9 et une pr\u00e9cision accrues.\",\"breadcrumb\":{\"@id\":\"https:\\\/\\\/trusting-bouman.217-160-68-194.plesk.page\\\/index.php\\\/commissaire-aux-comptes\\\/#breadcrumb\"},\"inLanguage\":\"fr-FR\",\"potentialAction\":[{\"@type\":\"ReadAction\",\"target\":[\"https:\\\/\\\/trusting-bouman.217-160-68-194.plesk.page\\\/index.php\\\/commissaire-aux-comptes\\\/\"]}]},{\"@type\":\"ImageObject\",\"inLanguage\":\"fr-FR\",\"@id\":\"https:\\\/\\\/trusting-bouman.217-160-68-194.plesk.page\\\/index.php\\\/commissaire-aux-comptes\\\/#primaryimage\",\"url\":\"https:\\\/\\\/e-clid.io\\\/wp-content\\\/uploads\\\/2025\\\/06\\\/photo-1738566061977-fdd59ca5b08e-1024x540.avif\",\"contentUrl\":\"https:\\\/\\\/e-clid.io\\\/wp-content\\\/uploads\\\/2025\\\/06\\\/photo-1738566061977-fdd59ca5b08e-1024x540.avif\"},{\"@type\":\"BreadcrumbList\",\"@id\":\"https:\\\/\\\/trusting-bouman.217-160-68-194.plesk.page\\\/index.php\\\/commissaire-aux-comptes\\\/#breadcrumb\",\"itemListElement\":[{\"@type\":\"ListItem\",\"position\":1,\"name\":\"Accueil\",\"item\":\"https:\\\/\\\/e-clid.io\\\/\"},{\"@type\":\"ListItem\",\"position\":2,\"name\":\"Commissaire aux comptes\"}]},{\"@type\":\"WebSite\",\"@id\":\"https:\\\/\\\/e-clid.io\\\/#website\",\"url\":\"https:\\\/\\\/e-clid.io\\\/\",\"name\":\"E-Clid\",\"description\":\"L\u2019automatisation des contr\u00f4les des donn\u00e9es comptables au sein d\u2019un m\u00eame logiciel.\",\"alternateName\":\"E-Clid, Acc\u00e9l\u00e9rateur de cl\u00f4ture !\",\"potentialAction\":[{\"@type\":\"SearchAction\",\"target\":{\"@type\":\"EntryPoint\",\"urlTemplate\":\"https:\\\/\\\/e-clid.io\\\/?s={search_term_string}\"},\"query-input\":{\"@type\":\"PropertyValueSpecification\",\"valueRequired\":true,\"valueName\":\"search_term_string\"}}],\"inLanguage\":\"fr-FR\"}]}<\/script>\n<!-- \/ Yoast SEO plugin. -->","yoast_head_json":{"title":"Commissaire aux comptes | E-Clid","description":"Transformez vos processus d'audit avec E-Clid pour une efficacit\u00e9 et une pr\u00e9cision accrues.","robots":{"index":"index","follow":"follow","max-snippet":"max-snippet:-1","max-image-preview":"max-image-preview:large","max-video-preview":"max-video-preview:-1"},"canonical":"https:\/\/trusting-bouman.217-160-68-194.plesk.page\/index.php\/commissaire-aux-comptes\/","og_locale":"fr_FR","og_type":"article","og_title":"Commissaire aux comptes | E-Clid","og_description":"Transformez vos processus d'audit avec E-Clid pour une efficacit\u00e9 et une pr\u00e9cision accrues.","og_url":"https:\/\/trusting-bouman.217-160-68-194.plesk.page\/index.php\/commissaire-aux-comptes\/","og_site_name":"E-Clid","article_modified_time":"2025-07-09T13:33:30+00:00","og_image":[{"width":1737,"height":721,"url":"https:\/\/e-clid.io\/wp-content\/uploads\/2025\/07\/Screenhot-E-Clid.io_.png","type":"image\/png"}],"twitter_card":"summary_large_image","twitter_misc":{"Dur\u00e9e de lecture estim\u00e9e":"3 minutes"},"schema":{"@context":"https:\/\/schema.org","@graph":[{"@type":"WebPage","@id":"https:\/\/trusting-bouman.217-160-68-194.plesk.page\/index.php\/commissaire-aux-comptes\/","url":"https:\/\/trusting-bouman.217-160-68-194.plesk.page\/index.php\/commissaire-aux-comptes\/","name":"Commissaire aux comptes | E-Clid","isPartOf":{"@id":"https:\/\/e-clid.io\/#website"},"primaryImageOfPage":{"@id":"https:\/\/trusting-bouman.217-160-68-194.plesk.page\/index.php\/commissaire-aux-comptes\/#primaryimage"},"image":{"@id":"https:\/\/trusting-bouman.217-160-68-194.plesk.page\/index.php\/commissaire-aux-comptes\/#primaryimage"},"thumbnailUrl":"https:\/\/e-clid.io\/wp-content\/uploads\/2025\/06\/photo-1738566061977-fdd59ca5b08e-1024x540.avif","datePublished":"2025-06-10T10:10:04+00:00","dateModified":"2025-07-09T13:33:30+00:00","description":"Transformez vos processus d'audit avec E-Clid pour une efficacit\u00e9 et une pr\u00e9cision accrues.","breadcrumb":{"@id":"https:\/\/trusting-bouman.217-160-68-194.plesk.page\/index.php\/commissaire-aux-comptes\/#breadcrumb"},"inLanguage":"fr-FR","potentialAction":[{"@type":"ReadAction","target":["https:\/\/trusting-bouman.217-160-68-194.plesk.page\/index.php\/commissaire-aux-comptes\/"]}]},{"@type":"ImageObject","inLanguage":"fr-FR","@id":"https:\/\/trusting-bouman.217-160-68-194.plesk.page\/index.php\/commissaire-aux-comptes\/#primaryimage","url":"https:\/\/e-clid.io\/wp-content\/uploads\/2025\/06\/photo-1738566061977-fdd59ca5b08e-1024x540.avif","contentUrl":"https:\/\/e-clid.io\/wp-content\/uploads\/2025\/06\/photo-1738566061977-fdd59ca5b08e-1024x540.avif"},{"@type":"BreadcrumbList","@id":"https:\/\/trusting-bouman.217-160-68-194.plesk.page\/index.php\/commissaire-aux-comptes\/#breadcrumb","itemListElement":[{"@type":"ListItem","position":1,"name":"Accueil","item":"https:\/\/e-clid.io\/"},{"@type":"ListItem","position":2,"name":"Commissaire aux comptes"}]},{"@type":"WebSite","@id":"https:\/\/e-clid.io\/#website","url":"https:\/\/e-clid.io\/","name":"E-Clid","description":"L\u2019automatisation des contr\u00f4les des donn\u00e9es comptables au sein d\u2019un m\u00eame logiciel.","alternateName":"E-Clid, Acc\u00e9l\u00e9rateur de cl\u00f4ture !","potentialAction":[{"@type":"SearchAction","target":{"@type":"EntryPoint","urlTemplate":"https:\/\/e-clid.io\/?s={search_term_string}"},"query-input":{"@type":"PropertyValueSpecification","valueRequired":true,"valueName":"search_term_string"}}],"inLanguage":"fr-FR"}]}},"_links":{"self":[{"href":"https:\/\/e-clid.io\/index.php\/wp-json\/wp\/v2\/pages\/339","targetHints":{"allow":["GET"]}}],"collection":[{"href":"https:\/\/e-clid.io\/index.php\/wp-json\/wp\/v2\/pages"}],"about":[{"href":"https:\/\/e-clid.io\/index.php\/wp-json\/wp\/v2\/types\/page"}],"author":[{"embeddable":true,"href":"https:\/\/e-clid.io\/index.php\/wp-json\/wp\/v2\/users\/1"}],"replies":[{"embeddable":true,"href":"https:\/\/e-clid.io\/index.php\/wp-json\/wp\/v2\/comments?post=339"}],"version-history":[{"count":6,"href":"https:\/\/e-clid.io\/index.php\/wp-json\/wp\/v2\/pages\/339\/revisions"}],"predecessor-version":[{"id":467,"href":"https:\/\/e-clid.io\/index.php\/wp-json\/wp\/v2\/pages\/339\/revisions\/467"}],"wp:attachment":[{"href":"https:\/\/e-clid.io\/index.php\/wp-json\/wp\/v2\/media?parent=339"}],"wp:term":[{"taxonomy":"folder","embeddable":true,"href":"https:\/\/e-clid.io\/index.php\/wp-json\/wp\/v2\/folder?post=339"}],"curies":[{"name":"wp","href":"https:\/\/api.w.org\/{rel}","templated":true}]}}