{"id":357,"date":"2025-06-11T09:56:29","date_gmt":"2025-06-11T09:56:29","guid":{"rendered":"https:\/\/trusting-bouman.217-160-68-194.plesk.page\/?page_id=357"},"modified":"2025-07-09T13:35:10","modified_gmt":"2025-07-09T13:35:10","slug":"directeur-financier","status":"publish","type":"page","link":"https:\/\/e-clid.io\/index.php\/directeur-financier\/","title":{"rendered":"Directeur financier"},"content":{"rendered":"\n<div class=\"wp-block-group alignfull is-banner-pour-qui-container has-global-padding is-layout-constrained wp-block-group-is-layout-constrained\">\n<div class=\"wp-block-columns alignwide are-vertically-aligned-center has-gap-xxl is-banner-pour-qui-columns is-layout-flex wp-container-core-columns-is-layout-28f84493 wp-block-columns-is-layout-flex\">\n<div class=\"wp-block-column is-vertically-aligned-center is-flex-container is-flex-column has-gap-full is-layout-flow wp-block-column-is-layout-flow\" style=\"flex-basis:50%\">\n<h2 class=\"wp-block-heading is-title-1 has-margin-right-m\">Directeur <span class=\"is-text-gradient\">financier<\/span><\/h2>\n\n\n\n<p>Optimisez la supervision, acc\u00e9l\u00e9rez et fiabilisez vos processus financiers avec E-Clid pour une gestion sans faille.<\/p>\n\n\n\n<div class=\"wp-block-buttons has-margin-none is-layout-flex wp-block-buttons-is-layout-flex\">\n<div class=\"wp-block-button is-style-outline has-margin-right-base is-style-outline--1\"><a class=\"wp-block-button__link wp-element-button\" href=\"https:\/\/e-clid.io\/index.php\/fonctionnalites\/\">D\u00e9couvrir l&rsquo;application<\/a><\/div>\n\n\n\n<div class=\"wp-block-button is-style-gradient\"><a class=\"wp-block-button__link wp-element-button\" href=\"https:\/\/cal.com\/e-clid\" target=\"_blank\" rel=\"noreferrer noopener\">Demander un DEMO<\/a><\/div>\n<\/div>\n<\/div>\n\n\n\n<div class=\"wp-block-column is-vertically-aligned-center is-layout-flow wp-block-column-is-layout-flow\" style=\"flex-basis:50%\">\n<figure class=\"wp-block-image aligncenter size-full has-custom-border has-shadow-right-theme\"><img loading=\"lazy\" decoding=\"async\" width=\"678\" height=\"600\" src=\"https:\/\/e-clid.io\/wp-content\/uploads\/2025\/05\/Personne-4.png\" alt=\"\" class=\"wp-image-14\" style=\"border-radius:20px\" srcset=\"https:\/\/e-clid.io\/wp-content\/uploads\/2025\/05\/Personne-4.png 678w, https:\/\/e-clid.io\/wp-content\/uploads\/2025\/05\/Personne-4-300x265.png 300w\" sizes=\"auto, (max-width: 678px) 100vw, 678px\" \/><\/figure>\n<\/div>\n<\/div>\n<\/div>\n\n\n\n<div style=\"height:100px\" aria-hidden=\"true\" class=\"wp-block-spacer is-style-spacer-l\"><\/div>\n\n\n\n<div class=\"wp-block-group alignfull advanced-dropdown-section has-global-padding is-layout-constrained wp-block-group-is-layout-constrained\">\n<h2 class=\"wp-block-heading has-text-align-center is-title-1\">Des <span class=\"is-text-gradient\">fonctionnalit\u00e9s adapt\u00e9es <\/span>\u00e0 vos besoins de reporting financier. <\/h2>\n\n\n\n<div class=\"wp-block-columns alignwide advanced-dropdown-container has-gap-full has-margin-top-full is-layout-flex wp-container-core-columns-is-layout-28f84493 wp-block-columns-is-layout-flex\">\n<div class=\"wp-block-column dropdown-image-column is-layout-flow wp-block-column-is-layout-flow\">\n<div class=\"wp-block-group dropdown-image-wrapper is-layout-flow wp-block-group-is-layout-flow\">\n<figure class=\"wp-block-image size-full size-large dropdown-image dropdown-image-1 is-active has-margin-none\"><img loading=\"lazy\" decoding=\"async\" width=\"678\" height=\"600\" src=\"https:\/\/e-clid.io\/wp-content\/uploads\/2025\/05\/Personne-1.png\" alt=\"\" class=\"wp-image-12\" srcset=\"https:\/\/e-clid.io\/wp-content\/uploads\/2025\/05\/Personne-1.png 678w, https:\/\/e-clid.io\/wp-content\/uploads\/2025\/05\/Personne-1-300x265.png 300w\" sizes=\"auto, (max-width: 678px) 100vw, 678px\" \/><\/figure>\n<\/div>\n<\/div>\n\n\n\n<div class=\"wp-block-column dropdown-content-column is-layout-flow wp-block-column-is-layout-flow\">\n<div class=\"wp-block-group dropdown-component dropdown-1 is-open has-margin-none has-padding-x-none has-padding-y has-padding-y-top-none is-layout-flow wp-block-group-is-layout-flow\">\n<div class=\"wp-block-group dropdown-header has-padding-none is-layout-flow wp-block-group-is-layout-flow\">\n<h3 class=\"wp-block-heading is-title-2\">Acc\u00e9l\u00e9rer et fiabiliser la production de donn\u00e9es financi\u00e8res en cours d\u2019exercice<\/h3>\n\n\n\n<div class=\"wp-block-group dropdown-toggle is-layout-flow wp-block-group-is-layout-flow\">\n<figure class=\"wp-block-image size-full is-resized\"><img decoding=\"async\" src=\"https:\/\/e-clid.io\/wp-content\/uploads\/2025\/05\/Icone-fleche-vers-le-bas.svg\" alt=\"Fl\u00e8che dropdown\"\/><\/figure>\n<\/div>\n<\/div>\n\n\n\n<div class=\"wp-block-group dropdown-content has-padding-none has-margin-top-base is-layout-flow wp-block-group-is-layout-flow\">\n<p class=\"dropdown-description\">L\u2019automatisation des contr\u00f4les comptables et le suivi en continu permettent de s\u2019assurer de la qualit\u00e9 des \u00e9critures comptables et d\u2019\u00e9viter les mauvaises surprises en cl\u00f4ture.<\/p>\n<\/div>\n<\/div>\n\n\n\n<div class=\"wp-block-group dropdown-component dropdown-1 is-open has-margin-none has-padding-x-none has-padding-y is-layout-flow wp-block-group-is-layout-flow\">\n<div class=\"wp-block-group dropdown-header has-padding-none is-layout-flow wp-block-group-is-layout-flow\">\n<h3 class=\"wp-block-heading is-title-2\">Passer moins de temps \u00e0 la production, plus de temps \u00e0 l\u2019analyse<\/h3>\n\n\n\n<div class=\"wp-block-group dropdown-toggle is-layout-flow wp-block-group-is-layout-flow\">\n<figure class=\"wp-block-image size-full is-resized\"><img decoding=\"async\" src=\"https:\/\/e-clid.io\/wp-content\/uploads\/2025\/05\/Icone-fleche-vers-le-bas.svg\" alt=\"Fl\u00e8che dropdown\"\/><\/figure>\n<\/div>\n<\/div>\n\n\n\n<div class=\"wp-block-group dropdown-content has-padding-none has-margin-top-base is-layout-flow wp-block-group-is-layout-flow\">\n<p class=\"dropdown-description\">En limitant la charge de travail li\u00e9e aux contr\u00f4les et \u00e0 la correction des erreurs, vous pouvez vous focaliser sur des t\u00e2ches \u00e0 plus forte valeur ajout\u00e9e (pr\u00e9visions, gestion des risques, optimisation de la tr\u00e9sorerie).<\/p>\n<\/div>\n<\/div>\n\n\n\n<div class=\"wp-block-group dropdown-component dropdown-1 is-open has-margin-none has-padding-x-none has-padding-y is-layout-flow wp-block-group-is-layout-flow\">\n<div class=\"wp-block-group dropdown-header has-padding-none is-layout-flow wp-block-group-is-layout-flow\">\n<h3 class=\"wp-block-heading is-title-2\">Gagner en s\u00e9r\u00e9nit\u00e9 lors de la pr\u00e9sentation des chiffres<\/h3>\n\n\n\n<div class=\"wp-block-group dropdown-toggle is-layout-flow wp-block-group-is-layout-flow\">\n<figure class=\"wp-block-image size-full is-resized\"><img decoding=\"async\" src=\"https:\/\/e-clid.io\/wp-content\/uploads\/2025\/05\/Icone-fleche-vers-le-bas.svg\" alt=\"Fl\u00e8che dropdown\"\/><\/figure>\n<\/div>\n<\/div>\n\n\n\n<div class=\"wp-block-group dropdown-content has-padding-none has-margin-top-base is-layout-flow wp-block-group-is-layout-flow\">\n<p class=\"dropdown-description\">La mise en conformit\u00e9 permanente et l\u2019analyse en temps r\u00e9el r\u00e9duisent le stress lors des cl\u00f4tures p\u00e9riodiques et des pr\u00e9sentations aux dirigeants ou aux investisseurs.<\/p>\n<\/div>\n<\/div>\n\n\n\n<div class=\"wp-block-button is-style-fill is-dropdown-button\"><a class=\"wp-block-button__link wp-element-button\" href=\"https:\/\/cal.com\/e-clid\" target=\"_blank\" rel=\"noreferrer noopener\">Prendre rendez-vous<img decoding=\"async\" src=\"https:\/\/e-clid.io\/wp-content\/uploads\/2025\/05\/Icone-fleche-droite.svg\" alt=\"Fl\u00e8che dropdown\"><\/a><\/div>\n<\/div>\n<\/div>\n<\/div>\n","protected":false},"excerpt":{"rendered":"<p>Directeur financier Optimisez la supervision, acc\u00e9l\u00e9rez et fiabilisez vos processus financiers avec E-Clid pour une gestion sans faille. Des fonctionnalit\u00e9s adapt\u00e9es \u00e0 vos besoins de reporting financier. Acc\u00e9l\u00e9rer et fiabiliser la production de donn\u00e9es financi\u00e8res en cours d\u2019exercice L\u2019automatisation des contr\u00f4les comptables et le suivi en continu permettent de s\u2019assurer de la qualit\u00e9 des \u00e9critures [&hellip;]<\/p>\n","protected":false},"author":1,"featured_media":0,"parent":0,"menu_order":0,"comment_status":"closed","ping_status":"closed","template":"","meta":{"inline_featured_image":false,"footnotes":""},"folder":[],"class_list":["post-357","page","type-page","status-publish","hentry"],"yoast_head":"<!-- This site is optimized with the Yoast SEO plugin v27.5 - https:\/\/yoast.com\/product\/yoast-seo-wordpress\/ -->\n<title>Directeur financier | E-Clid<\/title>\n<meta name=\"description\" content=\"Optimisez la supervision, acc\u00e9l\u00e9rez et fiabilisez vos processus financiers avec E-Clid pour une gestion sans faille.\" \/>\n<meta name=\"robots\" content=\"index, follow, max-snippet:-1, max-image-preview:large, max-video-preview:-1\" \/>\n<link rel=\"canonical\" href=\"https:\/\/trusting-bouman.217-160-68-194.plesk.page\/index.php\/directeur-financier\/\" \/>\n<meta property=\"og:locale\" content=\"fr_FR\" \/>\n<meta property=\"og:type\" content=\"article\" \/>\n<meta property=\"og:title\" content=\"Directeur financier | E-Clid\" \/>\n<meta property=\"og:description\" content=\"Optimisez la supervision, acc\u00e9l\u00e9rez et fiabilisez vos processus financiers avec E-Clid pour une gestion sans faille.\" \/>\n<meta property=\"og:url\" content=\"https:\/\/trusting-bouman.217-160-68-194.plesk.page\/index.php\/directeur-financier\/\" \/>\n<meta property=\"og:site_name\" content=\"E-Clid\" \/>\n<meta property=\"article:modified_time\" content=\"2025-07-09T13:35:10+00:00\" \/>\n<meta property=\"og:image\" content=\"https:\/\/e-clid.io\/wp-content\/uploads\/2025\/05\/Personne-4.png\" \/>\n\t<meta property=\"og:image:width\" content=\"678\" \/>\n\t<meta property=\"og:image:height\" content=\"600\" \/>\n\t<meta property=\"og:image:type\" content=\"image\/png\" \/>\n<meta name=\"twitter:card\" content=\"summary_large_image\" \/>\n<meta name=\"twitter:label1\" content=\"Dur\u00e9e de lecture estim\u00e9e\" \/>\n\t<meta name=\"twitter:data1\" content=\"2 minutes\" \/>\n<script type=\"application\/ld+json\" class=\"yoast-schema-graph\">{\"@context\":\"https:\\\/\\\/schema.org\",\"@graph\":[{\"@type\":\"WebPage\",\"@id\":\"https:\\\/\\\/trusting-bouman.217-160-68-194.plesk.page\\\/index.php\\\/directeur-financier\\\/\",\"url\":\"https:\\\/\\\/trusting-bouman.217-160-68-194.plesk.page\\\/index.php\\\/directeur-financier\\\/\",\"name\":\"Directeur financier | E-Clid\",\"isPartOf\":{\"@id\":\"https:\\\/\\\/e-clid.io\\\/#website\"},\"primaryImageOfPage\":{\"@id\":\"https:\\\/\\\/trusting-bouman.217-160-68-194.plesk.page\\\/index.php\\\/directeur-financier\\\/#primaryimage\"},\"image\":{\"@id\":\"https:\\\/\\\/trusting-bouman.217-160-68-194.plesk.page\\\/index.php\\\/directeur-financier\\\/#primaryimage\"},\"thumbnailUrl\":\"https:\\\/\\\/e-clid.io\\\/wp-content\\\/uploads\\\/2025\\\/05\\\/Personne-4.png\",\"datePublished\":\"2025-06-11T09:56:29+00:00\",\"dateModified\":\"2025-07-09T13:35:10+00:00\",\"description\":\"Optimisez la supervision, acc\u00e9l\u00e9rez et fiabilisez vos processus financiers avec E-Clid pour une gestion sans faille.\",\"breadcrumb\":{\"@id\":\"https:\\\/\\\/trusting-bouman.217-160-68-194.plesk.page\\\/index.php\\\/directeur-financier\\\/#breadcrumb\"},\"inLanguage\":\"fr-FR\",\"potentialAction\":[{\"@type\":\"ReadAction\",\"target\":[\"https:\\\/\\\/trusting-bouman.217-160-68-194.plesk.page\\\/index.php\\\/directeur-financier\\\/\"]}]},{\"@type\":\"ImageObject\",\"inLanguage\":\"fr-FR\",\"@id\":\"https:\\\/\\\/trusting-bouman.217-160-68-194.plesk.page\\\/index.php\\\/directeur-financier\\\/#primaryimage\",\"url\":\"https:\\\/\\\/e-clid.io\\\/wp-content\\\/uploads\\\/2025\\\/05\\\/Personne-4.png\",\"contentUrl\":\"https:\\\/\\\/e-clid.io\\\/wp-content\\\/uploads\\\/2025\\\/05\\\/Personne-4.png\",\"width\":678,\"height\":600},{\"@type\":\"BreadcrumbList\",\"@id\":\"https:\\\/\\\/trusting-bouman.217-160-68-194.plesk.page\\\/index.php\\\/directeur-financier\\\/#breadcrumb\",\"itemListElement\":[{\"@type\":\"ListItem\",\"position\":1,\"name\":\"Accueil\",\"item\":\"https:\\\/\\\/e-clid.io\\\/\"},{\"@type\":\"ListItem\",\"position\":2,\"name\":\"Directeur financier\"}]},{\"@type\":\"WebSite\",\"@id\":\"https:\\\/\\\/e-clid.io\\\/#website\",\"url\":\"https:\\\/\\\/e-clid.io\\\/\",\"name\":\"E-Clid\",\"description\":\"L\u2019automatisation des contr\u00f4les des donn\u00e9es comptables au sein d\u2019un m\u00eame logiciel.\",\"alternateName\":\"E-Clid, Acc\u00e9l\u00e9rateur de cl\u00f4ture !\",\"potentialAction\":[{\"@type\":\"SearchAction\",\"target\":{\"@type\":\"EntryPoint\",\"urlTemplate\":\"https:\\\/\\\/e-clid.io\\\/?s={search_term_string}\"},\"query-input\":{\"@type\":\"PropertyValueSpecification\",\"valueRequired\":true,\"valueName\":\"search_term_string\"}}],\"inLanguage\":\"fr-FR\"}]}<\/script>\n<!-- \/ Yoast SEO plugin. -->","yoast_head_json":{"title":"Directeur financier | E-Clid","description":"Optimisez la supervision, acc\u00e9l\u00e9rez et fiabilisez vos processus financiers avec E-Clid pour une gestion sans faille.","robots":{"index":"index","follow":"follow","max-snippet":"max-snippet:-1","max-image-preview":"max-image-preview:large","max-video-preview":"max-video-preview:-1"},"canonical":"https:\/\/trusting-bouman.217-160-68-194.plesk.page\/index.php\/directeur-financier\/","og_locale":"fr_FR","og_type":"article","og_title":"Directeur financier | E-Clid","og_description":"Optimisez la supervision, acc\u00e9l\u00e9rez et fiabilisez vos processus financiers avec E-Clid pour une gestion sans faille.","og_url":"https:\/\/trusting-bouman.217-160-68-194.plesk.page\/index.php\/directeur-financier\/","og_site_name":"E-Clid","article_modified_time":"2025-07-09T13:35:10+00:00","og_image":[{"width":678,"height":600,"url":"https:\/\/e-clid.io\/wp-content\/uploads\/2025\/05\/Personne-4.png","type":"image\/png"}],"twitter_card":"summary_large_image","twitter_misc":{"Dur\u00e9e de lecture estim\u00e9e":"2 minutes"},"schema":{"@context":"https:\/\/schema.org","@graph":[{"@type":"WebPage","@id":"https:\/\/trusting-bouman.217-160-68-194.plesk.page\/index.php\/directeur-financier\/","url":"https:\/\/trusting-bouman.217-160-68-194.plesk.page\/index.php\/directeur-financier\/","name":"Directeur financier | E-Clid","isPartOf":{"@id":"https:\/\/e-clid.io\/#website"},"primaryImageOfPage":{"@id":"https:\/\/trusting-bouman.217-160-68-194.plesk.page\/index.php\/directeur-financier\/#primaryimage"},"image":{"@id":"https:\/\/trusting-bouman.217-160-68-194.plesk.page\/index.php\/directeur-financier\/#primaryimage"},"thumbnailUrl":"https:\/\/e-clid.io\/wp-content\/uploads\/2025\/05\/Personne-4.png","datePublished":"2025-06-11T09:56:29+00:00","dateModified":"2025-07-09T13:35:10+00:00","description":"Optimisez la supervision, acc\u00e9l\u00e9rez et fiabilisez vos processus financiers avec E-Clid pour une gestion sans faille.","breadcrumb":{"@id":"https:\/\/trusting-bouman.217-160-68-194.plesk.page\/index.php\/directeur-financier\/#breadcrumb"},"inLanguage":"fr-FR","potentialAction":[{"@type":"ReadAction","target":["https:\/\/trusting-bouman.217-160-68-194.plesk.page\/index.php\/directeur-financier\/"]}]},{"@type":"ImageObject","inLanguage":"fr-FR","@id":"https:\/\/trusting-bouman.217-160-68-194.plesk.page\/index.php\/directeur-financier\/#primaryimage","url":"https:\/\/e-clid.io\/wp-content\/uploads\/2025\/05\/Personne-4.png","contentUrl":"https:\/\/e-clid.io\/wp-content\/uploads\/2025\/05\/Personne-4.png","width":678,"height":600},{"@type":"BreadcrumbList","@id":"https:\/\/trusting-bouman.217-160-68-194.plesk.page\/index.php\/directeur-financier\/#breadcrumb","itemListElement":[{"@type":"ListItem","position":1,"name":"Accueil","item":"https:\/\/e-clid.io\/"},{"@type":"ListItem","position":2,"name":"Directeur financier"}]},{"@type":"WebSite","@id":"https:\/\/e-clid.io\/#website","url":"https:\/\/e-clid.io\/","name":"E-Clid","description":"L\u2019automatisation des contr\u00f4les des donn\u00e9es comptables au sein d\u2019un m\u00eame logiciel.","alternateName":"E-Clid, Acc\u00e9l\u00e9rateur de cl\u00f4ture !","potentialAction":[{"@type":"SearchAction","target":{"@type":"EntryPoint","urlTemplate":"https:\/\/e-clid.io\/?s={search_term_string}"},"query-input":{"@type":"PropertyValueSpecification","valueRequired":true,"valueName":"search_term_string"}}],"inLanguage":"fr-FR"}]}},"_links":{"self":[{"href":"https:\/\/e-clid.io\/index.php\/wp-json\/wp\/v2\/pages\/357","targetHints":{"allow":["GET"]}}],"collection":[{"href":"https:\/\/e-clid.io\/index.php\/wp-json\/wp\/v2\/pages"}],"about":[{"href":"https:\/\/e-clid.io\/index.php\/wp-json\/wp\/v2\/types\/page"}],"author":[{"embeddable":true,"href":"https:\/\/e-clid.io\/index.php\/wp-json\/wp\/v2\/users\/1"}],"replies":[{"embeddable":true,"href":"https:\/\/e-clid.io\/index.php\/wp-json\/wp\/v2\/comments?post=357"}],"version-history":[{"count":14,"href":"https:\/\/e-clid.io\/index.php\/wp-json\/wp\/v2\/pages\/357\/revisions"}],"predecessor-version":[{"id":568,"href":"https:\/\/e-clid.io\/index.php\/wp-json\/wp\/v2\/pages\/357\/revisions\/568"}],"wp:attachment":[{"href":"https:\/\/e-clid.io\/index.php\/wp-json\/wp\/v2\/media?parent=357"}],"wp:term":[{"taxonomy":"folder","embeddable":true,"href":"https:\/\/e-clid.io\/index.php\/wp-json\/wp\/v2\/folder?post=357"}],"curies":[{"name":"wp","href":"https:\/\/api.w.org\/{rel}","templated":true}]}}