{"id":360,"date":"2025-06-11T09:58:35","date_gmt":"2025-06-11T09:58:35","guid":{"rendered":"https:\/\/trusting-bouman.217-160-68-194.plesk.page\/?page_id=360"},"modified":"2025-07-09T13:35:27","modified_gmt":"2025-07-09T13:35:27","slug":"dirigeant-pme","status":"publish","type":"page","link":"https:\/\/e-clid.io\/index.php\/dirigeant-pme\/","title":{"rendered":"Dirigeant PME"},"content":{"rendered":"\n<div class=\"wp-block-group alignfull is-banner-pour-qui-container has-global-padding is-layout-constrained wp-block-group-is-layout-constrained\">\n<div class=\"wp-block-columns alignwide are-vertically-aligned-center has-gap-xxl is-banner-pour-qui-columns is-layout-flex wp-container-core-columns-is-layout-28f84493 wp-block-columns-is-layout-flex\">\n<div class=\"wp-block-column is-vertically-aligned-center is-flex-container is-flex-column has-gap-full is-layout-flow wp-block-column-is-layout-flow\" style=\"flex-basis:50%\">\n<h2 class=\"wp-block-heading is-title-1 has-margin-right-m\">Dirigeant <span class=\"is-text-gradient\">PME<\/span><\/h2>\n\n\n\n<p>Assurez-vous de la fiabilit\u00e9 des donn\u00e9es analys\u00e9es avec E-Clid pour des d\u00e9cisions strat\u00e9giques \u00e9clair\u00e9es.<\/p>\n\n\n\n<div class=\"wp-block-buttons has-margin-none is-layout-flex wp-block-buttons-is-layout-flex\">\n<div class=\"wp-block-button is-style-outline has-margin-right-base is-style-outline--1\"><a class=\"wp-block-button__link wp-element-button\" href=\"https:\/\/e-clid.io\/index.php\/fonctionnalites\/\">D\u00e9couvrir l&rsquo;application<\/a><\/div>\n\n\n\n<div class=\"wp-block-button is-style-gradient\"><a class=\"wp-block-button__link wp-element-button\" href=\"https:\/\/cal.com\/e-clid\" target=\"_blank\" rel=\"noreferrer noopener\">Demander un DEMO<\/a><\/div>\n<\/div>\n<\/div>\n\n\n\n<div class=\"wp-block-column is-vertically-aligned-center is-layout-flow wp-block-column-is-layout-flow\" style=\"flex-basis:50%\">\n<figure class=\"wp-block-image aligncenter size-large has-custom-border has-shadow-right-theme\"><img loading=\"lazy\" decoding=\"async\" width=\"1024\" height=\"683\" src=\"https:\/\/e-clid.io\/wp-content\/uploads\/2025\/07\/eclid-outils-finance-fec-dirigeant-PME\u00a9shutterstock_2510293403-1024x683.jpg\" alt=\"\" class=\"wp-image-525\" style=\"border-radius:20px\" srcset=\"https:\/\/e-clid.io\/wp-content\/uploads\/2025\/07\/eclid-outils-finance-fec-dirigeant-PME\u00a9shutterstock_2510293403-1024x683.jpg 1024w, https:\/\/e-clid.io\/wp-content\/uploads\/2025\/07\/eclid-outils-finance-fec-dirigeant-PME\u00a9shutterstock_2510293403-300x200.jpg 300w, https:\/\/e-clid.io\/wp-content\/uploads\/2025\/07\/eclid-outils-finance-fec-dirigeant-PME\u00a9shutterstock_2510293403-768x512.jpg 768w, https:\/\/e-clid.io\/wp-content\/uploads\/2025\/07\/eclid-outils-finance-fec-dirigeant-PME\u00a9shutterstock_2510293403-1536x1024.jpg 1536w, https:\/\/e-clid.io\/wp-content\/uploads\/2025\/07\/eclid-outils-finance-fec-dirigeant-PME\u00a9shutterstock_2510293403.jpg 1920w\" sizes=\"auto, (max-width: 1024px) 100vw, 1024px\" \/><\/figure>\n<\/div>\n<\/div>\n<\/div>\n\n\n\n<div style=\"height:100px\" aria-hidden=\"true\" class=\"wp-block-spacer is-style-spacer-l\"><\/div>\n\n\n\n<div class=\"wp-block-group alignfull advanced-dropdown-section has-global-padding is-layout-constrained wp-block-group-is-layout-constrained\">\n<h2 class=\"wp-block-heading has-text-align-center is-title-1\"><span class=\"is-text-gradient\">Des fonctionnalit\u00e9 adapt\u00e9es<\/span> \u00e0 vos besoins de dirigeant d&rsquo;entreprise.<\/h2>\n\n\n\n<div class=\"wp-block-columns alignwide advanced-dropdown-container has-gap-full has-margin-top-full is-layout-flex wp-container-core-columns-is-layout-28f84493 wp-block-columns-is-layout-flex\">\n<div class=\"wp-block-column dropdown-image-column is-layout-flow wp-block-column-is-layout-flow\">\n<div class=\"wp-block-group dropdown-image-wrapper is-layout-flow wp-block-group-is-layout-flow\">\n<figure class=\"wp-block-image size-full size-large dropdown-image dropdown-image-1 is-active has-margin-none\"><img loading=\"lazy\" decoding=\"async\" width=\"678\" height=\"600\" src=\"https:\/\/e-clid.io\/wp-content\/uploads\/2025\/05\/Personne-1.png\" alt=\"\" class=\"wp-image-12\" srcset=\"https:\/\/e-clid.io\/wp-content\/uploads\/2025\/05\/Personne-1.png 678w, https:\/\/e-clid.io\/wp-content\/uploads\/2025\/05\/Personne-1-300x265.png 300w\" sizes=\"auto, (max-width: 678px) 100vw, 678px\" \/><\/figure>\n<\/div>\n<\/div>\n\n\n\n<div class=\"wp-block-column dropdown-content-column is-layout-flow wp-block-column-is-layout-flow\">\n<div class=\"wp-block-group dropdown-component dropdown-1 is-open has-margin-none has-padding-x-none has-padding-y has-padding-y-top-none is-layout-flow wp-block-group-is-layout-flow\">\n<div class=\"wp-block-group dropdown-header has-padding-none is-layout-flow wp-block-group-is-layout-flow\">\n<h3 class=\"wp-block-heading is-title-2\">Am\u00e9lioration de la prise de d\u00e9cision<\/h3>\n\n\n\n<div class=\"wp-block-group dropdown-toggle is-layout-flow wp-block-group-is-layout-flow\">\n<figure class=\"wp-block-image size-full is-resized\"><img decoding=\"async\" src=\"https:\/\/e-clid.io\/wp-content\/uploads\/2025\/05\/Icone-fleche-vers-le-bas.svg\" alt=\"Fl\u00e8che dropdown\"\/><\/figure>\n<\/div>\n<\/div>\n\n\n\n<div class=\"wp-block-group dropdown-content has-padding-none has-margin-top-base is-layout-flow wp-block-group-is-layout-flow\">\n<p class=\"dropdown-description\">Avec E-Clid, vous apportez une solution pertinente et pragmatique de contr\u00f4le des \u00e9critures comptables afin de permettre \u00e0 vos \u00e9quipes financi\u00e8res de consacrer plus de temps \u00e0 des t\u00e2ches \u00e0 plus forte valeur ajout\u00e9e, d\u2019affiner la qualit\u00e9 des productions comptables et de vous aider dans la prise de d\u00e9cision.<\/p>\n<\/div>\n<\/div>\n\n\n\n<div class=\"wp-block-group dropdown-component dropdown-1 is-open has-margin-none has-padding-x-none has-padding-y is-layout-flow wp-block-group-is-layout-flow\">\n<div class=\"wp-block-group dropdown-header has-padding-none is-layout-flow wp-block-group-is-layout-flow\">\n<h3 class=\"wp-block-heading is-title-2\">Gain de s\u00e9r\u00e9nit\u00e9 au sein des \u00e9quipes financi\u00e8res<\/h3>\n\n\n\n<div class=\"wp-block-group dropdown-toggle is-layout-flow wp-block-group-is-layout-flow\">\n<figure class=\"wp-block-image size-full is-resized\"><img decoding=\"async\" src=\"https:\/\/e-clid.io\/wp-content\/uploads\/2025\/05\/Icone-fleche-vers-le-bas.svg\" alt=\"Fl\u00e8che dropdown\"\/><\/figure>\n<\/div>\n<\/div>\n\n\n\n<div class=\"wp-block-group dropdown-content has-padding-none has-margin-top-base is-layout-flow wp-block-group-is-layout-flow\">\n<p class=\"dropdown-description\">Avec&nbsp;<strong>E-Clid<\/strong>, vos \u00e9quipes financi\u00e8res gagneront en s\u00e9r\u00e9nit\u00e9 gr\u00e2ce \u00e0 l\u2019automatisation et \u00e0 l\u2019optimisation des processus de contr\u00f4le comptable. En automatisant l\u2019analyse des \u00e9critures comptables, la v\u00e9rification de la coh\u00e9rence des marges, et l\u2019examen des flux de tr\u00e9sorerie,&nbsp;<strong>E-clid<\/strong>&nbsp;r\u00e9duit consid\u00e9rablement le temps consacr\u00e9 \u00e0 des t\u00e2ches manuelles et r\u00e9p\u00e9titives, tout en garantissant une plus grande pr\u00e9cision. Les \u00e9quipes pourront se concentrer sur des analyses strat\u00e9giques plut\u00f4t que de passer du temps \u00e0 corriger des erreurs ou \u00e0 effectuer des v\u00e9rifications fastidieuses.&nbsp;<\/p>\n\n\n\n<p class=\"dropdown-description\">De plus, gr\u00e2ce \u00e0 l\u2019outil de d\u00e9tection des anomalies, les risques d\u2019erreurs sont rapidement identifi\u00e9s, ce qui apporte une plus grande tranquillit\u00e9 d\u2019esprit.&nbsp;<\/p>\n<\/div>\n<\/div>\n\n\n\n<div class=\"wp-block-button is-style-fill is-dropdown-button\"><a class=\"wp-block-button__link wp-element-button\" href=\"https:\/\/cal.com\/e-clid\" target=\"_blank\" rel=\"noreferrer noopener\">Prendre rendez-vous <img decoding=\"async\" src=\"https:\/\/e-clid.io\/wp-content\/uploads\/2025\/05\/Icone-fleche-droite.svg\" alt=\"Fl\u00e8che dropdown\"><\/a><\/div>\n<\/div>\n<\/div>\n<\/div>\n","protected":false},"excerpt":{"rendered":"<p>Dirigeant PME Assurez-vous de la fiabilit\u00e9 des donn\u00e9es analys\u00e9es avec E-Clid pour des d\u00e9cisions strat\u00e9giques \u00e9clair\u00e9es. Des fonctionnalit\u00e9 adapt\u00e9es \u00e0 vos besoins de dirigeant d&rsquo;entreprise. Am\u00e9lioration de la prise de d\u00e9cision Avec E-Clid, vous apportez une solution pertinente et pragmatique de contr\u00f4le des \u00e9critures comptables afin de permettre \u00e0 vos \u00e9quipes financi\u00e8res de consacrer plus [&hellip;]<\/p>\n","protected":false},"author":1,"featured_media":0,"parent":0,"menu_order":0,"comment_status":"closed","ping_status":"closed","template":"","meta":{"inline_featured_image":false,"footnotes":""},"folder":[],"class_list":["post-360","page","type-page","status-publish","hentry"],"yoast_head":"<!-- This site is optimized with the Yoast SEO plugin v27.5 - https:\/\/yoast.com\/product\/yoast-seo-wordpress\/ -->\n<title>Dirigeant PME | E-Clid<\/title>\n<meta name=\"description\" content=\"Assurez-vous de la fiabilit\u00e9 des donn\u00e9es analys\u00e9es avec E-Clid pour des d\u00e9cisions strat\u00e9giques \u00e9clair\u00e9es.\" \/>\n<meta name=\"robots\" content=\"index, follow, max-snippet:-1, max-image-preview:large, max-video-preview:-1\" \/>\n<link rel=\"canonical\" href=\"https:\/\/trusting-bouman.217-160-68-194.plesk.page\/index.php\/dirigeant-pme\/\" \/>\n<meta property=\"og:locale\" content=\"fr_FR\" \/>\n<meta property=\"og:type\" content=\"article\" \/>\n<meta property=\"og:title\" content=\"Dirigeant PME | E-Clid\" \/>\n<meta property=\"og:description\" content=\"Assurez-vous de la fiabilit\u00e9 des donn\u00e9es analys\u00e9es avec E-Clid pour des d\u00e9cisions strat\u00e9giques \u00e9clair\u00e9es.\" \/>\n<meta property=\"og:url\" content=\"https:\/\/trusting-bouman.217-160-68-194.plesk.page\/index.php\/dirigeant-pme\/\" \/>\n<meta property=\"og:site_name\" content=\"E-Clid\" \/>\n<meta property=\"article:modified_time\" content=\"2025-07-09T13:35:27+00:00\" \/>\n<meta property=\"og:image\" content=\"https:\/\/trusting-bouman.217-160-68-194.plesk.page\/wp-content\/uploads\/2025\/05\/Personne-1.png\" \/>\n<meta name=\"twitter:card\" content=\"summary_large_image\" \/>\n<meta name=\"twitter:label1\" content=\"Dur\u00e9e de lecture estim\u00e9e\" \/>\n\t<meta name=\"twitter:data1\" content=\"3 minutes\" \/>\n<script type=\"application\/ld+json\" class=\"yoast-schema-graph\">{\"@context\":\"https:\\\/\\\/schema.org\",\"@graph\":[{\"@type\":\"WebPage\",\"@id\":\"https:\\\/\\\/trusting-bouman.217-160-68-194.plesk.page\\\/index.php\\\/dirigeant-pme\\\/\",\"url\":\"https:\\\/\\\/trusting-bouman.217-160-68-194.plesk.page\\\/index.php\\\/dirigeant-pme\\\/\",\"name\":\"Dirigeant PME | E-Clid\",\"isPartOf\":{\"@id\":\"https:\\\/\\\/e-clid.io\\\/#website\"},\"primaryImageOfPage\":{\"@id\":\"https:\\\/\\\/trusting-bouman.217-160-68-194.plesk.page\\\/index.php\\\/dirigeant-pme\\\/#primaryimage\"},\"image\":{\"@id\":\"https:\\\/\\\/trusting-bouman.217-160-68-194.plesk.page\\\/index.php\\\/dirigeant-pme\\\/#primaryimage\"},\"thumbnailUrl\":\"https:\\\/\\\/e-clid.io\\\/wp-content\\\/uploads\\\/2025\\\/05\\\/Personne-1.png\",\"datePublished\":\"2025-06-11T09:58:35+00:00\",\"dateModified\":\"2025-07-09T13:35:27+00:00\",\"description\":\"Assurez-vous de la fiabilit\u00e9 des donn\u00e9es analys\u00e9es avec E-Clid pour des d\u00e9cisions strat\u00e9giques \u00e9clair\u00e9es.\",\"breadcrumb\":{\"@id\":\"https:\\\/\\\/trusting-bouman.217-160-68-194.plesk.page\\\/index.php\\\/dirigeant-pme\\\/#breadcrumb\"},\"inLanguage\":\"fr-FR\",\"potentialAction\":[{\"@type\":\"ReadAction\",\"target\":[\"https:\\\/\\\/trusting-bouman.217-160-68-194.plesk.page\\\/index.php\\\/dirigeant-pme\\\/\"]}]},{\"@type\":\"ImageObject\",\"inLanguage\":\"fr-FR\",\"@id\":\"https:\\\/\\\/trusting-bouman.217-160-68-194.plesk.page\\\/index.php\\\/dirigeant-pme\\\/#primaryimage\",\"url\":\"https:\\\/\\\/e-clid.io\\\/wp-content\\\/uploads\\\/2025\\\/05\\\/Personne-1.png\",\"contentUrl\":\"https:\\\/\\\/e-clid.io\\\/wp-content\\\/uploads\\\/2025\\\/05\\\/Personne-1.png\",\"width\":678,\"height\":600},{\"@type\":\"BreadcrumbList\",\"@id\":\"https:\\\/\\\/trusting-bouman.217-160-68-194.plesk.page\\\/index.php\\\/dirigeant-pme\\\/#breadcrumb\",\"itemListElement\":[{\"@type\":\"ListItem\",\"position\":1,\"name\":\"Accueil\",\"item\":\"https:\\\/\\\/e-clid.io\\\/\"},{\"@type\":\"ListItem\",\"position\":2,\"name\":\"Dirigeant PME\"}]},{\"@type\":\"WebSite\",\"@id\":\"https:\\\/\\\/e-clid.io\\\/#website\",\"url\":\"https:\\\/\\\/e-clid.io\\\/\",\"name\":\"E-Clid\",\"description\":\"L\u2019automatisation des contr\u00f4les des donn\u00e9es comptables au sein d\u2019un m\u00eame logiciel.\",\"alternateName\":\"E-Clid, Acc\u00e9l\u00e9rateur de cl\u00f4ture !\",\"potentialAction\":[{\"@type\":\"SearchAction\",\"target\":{\"@type\":\"EntryPoint\",\"urlTemplate\":\"https:\\\/\\\/e-clid.io\\\/?s={search_term_string}\"},\"query-input\":{\"@type\":\"PropertyValueSpecification\",\"valueRequired\":true,\"valueName\":\"search_term_string\"}}],\"inLanguage\":\"fr-FR\"}]}<\/script>\n<!-- \/ Yoast SEO plugin. -->","yoast_head_json":{"title":"Dirigeant PME | E-Clid","description":"Assurez-vous de la fiabilit\u00e9 des donn\u00e9es analys\u00e9es avec E-Clid pour des d\u00e9cisions strat\u00e9giques \u00e9clair\u00e9es.","robots":{"index":"index","follow":"follow","max-snippet":"max-snippet:-1","max-image-preview":"max-image-preview:large","max-video-preview":"max-video-preview:-1"},"canonical":"https:\/\/trusting-bouman.217-160-68-194.plesk.page\/index.php\/dirigeant-pme\/","og_locale":"fr_FR","og_type":"article","og_title":"Dirigeant PME | E-Clid","og_description":"Assurez-vous de la fiabilit\u00e9 des donn\u00e9es analys\u00e9es avec E-Clid pour des d\u00e9cisions strat\u00e9giques \u00e9clair\u00e9es.","og_url":"https:\/\/trusting-bouman.217-160-68-194.plesk.page\/index.php\/dirigeant-pme\/","og_site_name":"E-Clid","article_modified_time":"2025-07-09T13:35:27+00:00","og_image":[{"url":"https:\/\/trusting-bouman.217-160-68-194.plesk.page\/wp-content\/uploads\/2025\/05\/Personne-1.png","type":"","width":"","height":""}],"twitter_card":"summary_large_image","twitter_misc":{"Dur\u00e9e de lecture estim\u00e9e":"3 minutes"},"schema":{"@context":"https:\/\/schema.org","@graph":[{"@type":"WebPage","@id":"https:\/\/trusting-bouman.217-160-68-194.plesk.page\/index.php\/dirigeant-pme\/","url":"https:\/\/trusting-bouman.217-160-68-194.plesk.page\/index.php\/dirigeant-pme\/","name":"Dirigeant PME | E-Clid","isPartOf":{"@id":"https:\/\/e-clid.io\/#website"},"primaryImageOfPage":{"@id":"https:\/\/trusting-bouman.217-160-68-194.plesk.page\/index.php\/dirigeant-pme\/#primaryimage"},"image":{"@id":"https:\/\/trusting-bouman.217-160-68-194.plesk.page\/index.php\/dirigeant-pme\/#primaryimage"},"thumbnailUrl":"https:\/\/e-clid.io\/wp-content\/uploads\/2025\/05\/Personne-1.png","datePublished":"2025-06-11T09:58:35+00:00","dateModified":"2025-07-09T13:35:27+00:00","description":"Assurez-vous de la fiabilit\u00e9 des donn\u00e9es analys\u00e9es avec E-Clid pour des d\u00e9cisions strat\u00e9giques \u00e9clair\u00e9es.","breadcrumb":{"@id":"https:\/\/trusting-bouman.217-160-68-194.plesk.page\/index.php\/dirigeant-pme\/#breadcrumb"},"inLanguage":"fr-FR","potentialAction":[{"@type":"ReadAction","target":["https:\/\/trusting-bouman.217-160-68-194.plesk.page\/index.php\/dirigeant-pme\/"]}]},{"@type":"ImageObject","inLanguage":"fr-FR","@id":"https:\/\/trusting-bouman.217-160-68-194.plesk.page\/index.php\/dirigeant-pme\/#primaryimage","url":"https:\/\/e-clid.io\/wp-content\/uploads\/2025\/05\/Personne-1.png","contentUrl":"https:\/\/e-clid.io\/wp-content\/uploads\/2025\/05\/Personne-1.png","width":678,"height":600},{"@type":"BreadcrumbList","@id":"https:\/\/trusting-bouman.217-160-68-194.plesk.page\/index.php\/dirigeant-pme\/#breadcrumb","itemListElement":[{"@type":"ListItem","position":1,"name":"Accueil","item":"https:\/\/e-clid.io\/"},{"@type":"ListItem","position":2,"name":"Dirigeant PME"}]},{"@type":"WebSite","@id":"https:\/\/e-clid.io\/#website","url":"https:\/\/e-clid.io\/","name":"E-Clid","description":"L\u2019automatisation des contr\u00f4les des donn\u00e9es comptables au sein d\u2019un m\u00eame logiciel.","alternateName":"E-Clid, Acc\u00e9l\u00e9rateur de cl\u00f4ture !","potentialAction":[{"@type":"SearchAction","target":{"@type":"EntryPoint","urlTemplate":"https:\/\/e-clid.io\/?s={search_term_string}"},"query-input":{"@type":"PropertyValueSpecification","valueRequired":true,"valueName":"search_term_string"}}],"inLanguage":"fr-FR"}]}},"_links":{"self":[{"href":"https:\/\/e-clid.io\/index.php\/wp-json\/wp\/v2\/pages\/360","targetHints":{"allow":["GET"]}}],"collection":[{"href":"https:\/\/e-clid.io\/index.php\/wp-json\/wp\/v2\/pages"}],"about":[{"href":"https:\/\/e-clid.io\/index.php\/wp-json\/wp\/v2\/types\/page"}],"author":[{"embeddable":true,"href":"https:\/\/e-clid.io\/index.php\/wp-json\/wp\/v2\/users\/1"}],"replies":[{"embeddable":true,"href":"https:\/\/e-clid.io\/index.php\/wp-json\/wp\/v2\/comments?post=360"}],"version-history":[{"count":12,"href":"https:\/\/e-clid.io\/index.php\/wp-json\/wp\/v2\/pages\/360\/revisions"}],"predecessor-version":[{"id":618,"href":"https:\/\/e-clid.io\/index.php\/wp-json\/wp\/v2\/pages\/360\/revisions\/618"}],"wp:attachment":[{"href":"https:\/\/e-clid.io\/index.php\/wp-json\/wp\/v2\/media?parent=360"}],"wp:term":[{"taxonomy":"folder","embeddable":true,"href":"https:\/\/e-clid.io\/index.php\/wp-json\/wp\/v2\/folder?post=360"}],"curies":[{"name":"wp","href":"https:\/\/api.w.org\/{rel}","templated":true}]}}