{"id":56,"date":"2025-05-21T14:03:45","date_gmt":"2025-05-21T14:03:45","guid":{"rendered":"https:\/\/trusting-bouman.217-160-68-194.plesk.page\/?page_id=56"},"modified":"2025-12-05T15:25:43","modified_gmt":"2025-12-05T15:25:43","slug":"contact","status":"publish","type":"page","link":"https:\/\/e-clid.io\/index.php\/contact\/","title":{"rendered":"Contact"},"content":{"rendered":"\n<div class=\"wp-block-group alignfull is-banner-accueil-container has-global-padding is-layout-constrained wp-block-group-is-layout-constrained\">\n<div class=\"wp-block-group is-banner-accueil-background is-layout-flow wp-block-group-is-layout-flow\"><\/div>\n\n\n\n<div class=\"wp-block-columns alignwide are-vertically-aligned-center has-gap-full is-banner-accueil-wrapper is-layout-flex wp-container-core-columns-is-layout-28f84493 wp-block-columns-is-layout-flex\">\n<div class=\"wp-block-group is-banner-accueil-content is-layout-flow wp-block-group-is-layout-flow\">\n<h2 class=\"wp-block-heading has-margin-none is-banner-accueil-title is-title-1 is-text-gradient\">Contacter <br> E-CLID<\/h2>\n\n\n\n<h2 class=\"wp-block-heading alignwide\" id=\"we-re-a-studio-in-berlin-with-an-international-practice-in-architecture-urban-planning-and-interior-design-we-believe-in-sharing-knowledge-and-promoting-dialogue-to-increase-the-creative-potential-of-collaboration\" style=\"font-size:clamp(27.894px, 1.743rem + ((1vw - 3.2px) * 1.571), 48px);line-height:1.1\">Vous avez des questions, vous souhaitez mieux nous conna\u00eetre et tester notre solution. Vous souhaitez rejoindre l&rsquo;\u00e9quipe &#8230;<br><\/h2>\n<\/div>\n\n\n\n<div class=\"wp-block-column is-banner-accueil-image is-layout-flow wp-block-column-is-layout-flow\"><\/div>\n<\/div>\n<\/div>\n\n\n\n<div class=\"wp-block-group alignfull has-global-padding is-layout-constrained wp-block-group-is-layout-constrained\">\n<div class=\"wp-block-group alignwide has-global-padding is-layout-constrained wp-block-group-is-layout-constrained\">\n<div class=\"wp-block-columns alignwide is-layout-flex wp-container-core-columns-is-layout-28f84493 wp-block-columns-is-layout-flex\">\n<div class=\"wp-block-column is-vertically-aligned-center is-layout-flow wp-block-column-is-layout-flow\">\n<h2 class=\"wp-block-heading alignwide has-text-align-left\" id=\"we-re-a-studio-in-berlin-with-an-international-practice-in-architecture-urban-planning-and-interior-design-we-believe-in-sharing-knowledge-and-promoting-dialogue-to-increase-the-creative-potential-of-collaboration\" style=\"font-size:clamp(27.894px, 1.743rem + ((1vw - 3.2px) * 1.571), 48px);line-height:1.1\">Nos coordonn\u00e9es<\/h2>\n\n\n\n<p>165 AVENUE DE BRETAGNE 59000 LILLE<br>59000 LILLE Lille, Nord, France<\/p>\n\n\n\n<p><mark style=\"background-color:rgba(0, 0, 0, 0)\" class=\"has-inline-color has-black-1000-color\">T\u00e9l. :<a href=\"tel:0750921270\">+33 (0)7 50 92 16 70<\/a><br>Email : <a href=\"mailto:contact@e-clid.io\">contact@e-clid.io<\/a><\/mark><\/p>\n\n\n\n<div style=\"height:42px\" aria-hidden=\"true\" class=\"wp-block-spacer\"><\/div>\n\n\n\n<div class=\"wp-block-buttons has-margin-none is-layout-flex wp-block-buttons-is-layout-flex\">\n<div class=\"wp-block-button is-style-fill\"><a class=\"wp-block-button__link wp-element-button\" href=\"https:\/\/cal.com\/e-clid\" target=\"_blank\" rel=\"noreferrer noopener\">Prendre rendez-vous<\/a><\/div>\n<\/div>\n<\/div>\n\n\n\n<div class=\"wp-block-column is-layout-flow wp-block-column-is-layout-flow\">\n<div class=\"wp-block-group is-nowrap is-layout-flex wp-container-core-group-is-layout-6c531013 wp-block-group-is-layout-flex\" style=\"border-style:none;border-width:0px\">\n<div class=\"wpcf7 no-js\" id=\"wpcf7-f10-o1\" lang=\"fr-FR\" dir=\"ltr\" data-wpcf7-id=\"10\">\n<div class=\"screen-reader-response\"><p role=\"status\" aria-live=\"polite\" aria-atomic=\"true\"><\/p> <ul><\/ul><\/div>\n<form action=\"\/index.php\/wp-json\/wp\/v2\/pages\/56#wpcf7-f10-o1\" method=\"post\" class=\"wpcf7-form init\" aria-label=\"Formulaire de contact\" novalidate=\"novalidate\" data-status=\"init\">\n<fieldset class=\"hidden-fields-container\"><input type=\"hidden\" name=\"_wpcf7\" value=\"10\" \/><input type=\"hidden\" name=\"_wpcf7_version\" value=\"6.1.5\" \/><input type=\"hidden\" name=\"_wpcf7_locale\" value=\"fr_FR\" \/><input type=\"hidden\" name=\"_wpcf7_unit_tag\" value=\"wpcf7-f10-o1\" \/><input type=\"hidden\" name=\"_wpcf7_container_post\" value=\"0\" \/><input type=\"hidden\" name=\"_wpcf7_posted_data_hash\" value=\"\" \/>\n<\/fieldset>\n<div class=\"is-form-container\">\n\t<div class=\"form-50-fields\">\n\t\t<div>\n\t\t\t<p><span class=\"wpcf7-form-control-wrap\" data-name=\"your-firstName\"><input size=\"40\" maxlength=\"400\" class=\"wpcf7-form-control wpcf7-text wpcf7-validates-as-required\" autocomplete=\"name\" aria-required=\"true\" aria-invalid=\"false\" placeholder=\"Pr\u00e9nom*\" value=\"\" type=\"text\" name=\"your-firstName\" \/><\/span>\n\t\t\t<\/p>\n\t\t<\/div>\n\t\t<div>\n\t\t\t<p><span class=\"wpcf7-form-control-wrap\" data-name=\"your-lastName\"><input size=\"40\" maxlength=\"400\" class=\"wpcf7-form-control wpcf7-text wpcf7-validates-as-required\" autocomplete=\"name\" aria-required=\"true\" aria-invalid=\"false\" placeholder=\"Nom*\" value=\"\" type=\"text\" name=\"your-lastName\" \/><\/span>\n\t\t\t<\/p>\n\t\t<\/div>\n\t<\/div>\n\t<div class=\"form-50-fields\">\n\t\t<div>\n\t\t\t<p><span class=\"wpcf7-form-control-wrap\" data-name=\"your-phone\"><input size=\"40\" maxlength=\"400\" class=\"wpcf7-form-control wpcf7-tel wpcf7-text wpcf7-validates-as-tel\" aria-invalid=\"false\" placeholder=\"Num\u00e9ro de t\u00e9l\u00e9phone\" value=\"\" type=\"tel\" name=\"your-phone\" \/><\/span>\n\t\t\t<\/p>\n\t\t<\/div>\n\t\t<div>\n\t\t\t<p><span class=\"wpcf7-form-control-wrap\" data-name=\"your-email\"><input size=\"40\" maxlength=\"400\" class=\"wpcf7-form-control wpcf7-email wpcf7-validates-as-required wpcf7-text wpcf7-validates-as-email\" autocomplete=\"email\" aria-required=\"true\" aria-invalid=\"false\" placeholder=\"Adresse mail*\" value=\"\" type=\"email\" name=\"your-email\" \/><\/span>\n\t\t\t<\/p>\n\t\t<\/div>\n\t<\/div>\n\t<p><span class=\"wpcf7-form-control-wrap\" data-name=\"your-factory\"><input size=\"40\" maxlength=\"400\" class=\"wpcf7-form-control wpcf7-text wpcf7-validates-as-required\" aria-required=\"true\" aria-invalid=\"false\" placeholder=\"Nom de l&#039;entreprise*\" value=\"\" type=\"text\" name=\"your-factory\" \/><\/span>\n\t<\/p>\n\t<div class=\"form-50-fields\">\n\t\t<div>\n\t\t\t<p><span class=\"wpcf7-form-control-wrap\" data-name=\"your-situation\"><select class=\"wpcf7-form-control wpcf7-select\" aria-invalid=\"false\" name=\"your-situation\"><option value=\"\">Vous \u00eates<\/option><option value=\"Un cabinet comptable\">Un cabinet comptable<\/option><option value=\"Un DAF\">Un DAF<\/option><option value=\"Un directeur de PME\">Un directeur de PME<\/option><option value=\"Un acteur de. la M&amp;A\">Un acteur de. la M&amp;A<\/option><\/select><\/span>\n\t\t\t<\/p>\n\t\t<\/div>\n\t\t<div>\n\t\t\t<p><span class=\"wpcf7-form-control-wrap\" data-name=\"your-size-factory\"><select class=\"wpcf7-form-control wpcf7-select wpcf7-validates-as-required\" aria-required=\"true\" aria-invalid=\"false\" name=\"your-size-factory\"><option value=\"\">Taille de l&#039;entreprise*<\/option><option value=\"De 0 \u00e0 1M\u20ac\">De 0 \u00e0 1M\u20ac<\/option><option value=\"De 1 \u00e0 5M\u20ac\">De 1 \u00e0 5M\u20ac<\/option><option value=\"De 5 \u00e0 10M\u20ac\">De 5 \u00e0 10M\u20ac<\/option><option value=\"De 10 \u00e0 20M\u20ac\">De 10 \u00e0 20M\u20ac<\/option><option value=\"Au del\u00e0 de 20M\u20ac\">Au del\u00e0 de 20M\u20ac<\/option><\/select><\/span>\n\t\t\t<\/p>\n\t\t<\/div>\n\t<\/div>\n\t<div>\n\t\t<p><span class=\"wpcf7-form-control-wrap\" data-name=\"your-subject\"><select class=\"wpcf7-form-control wpcf7-select wpcf7-validates-as-required\" aria-required=\"true\" aria-invalid=\"false\" name=\"your-subject\"><option value=\"\">Sujet*<\/option><option value=\"Demande de devis\">Demande de devis<\/option><option value=\"Demande de Demo\">Demande de Demo<\/option><option value=\"Demande d&#039;informations\">Demande d&#039;informations<\/option><option value=\"contacter le support\">contacter le support<\/option><\/select><\/span>\n\t\t<\/p>\n\t<\/div>\n\t<p><span class=\"wpcf7-form-control-wrap\" data-name=\"your-message\"><textarea cols=\"40\" rows=\"10\" maxlength=\"2000\" class=\"wpcf7-form-control wpcf7-textarea wpcf7-validates-as-required\" aria-required=\"true\" aria-invalid=\"false\" placeholder=\"Votre message*\" name=\"your-message\"><\/textarea><\/span>\n\t<\/p>\n\t<p class=\"is-footer\">* Champs obligatoires\n\t<\/p>\n\t<p class=\"is-footer\"><span class=\"wpcf7-form-control-wrap\" data-name=\"acceptance-878\"><span class=\"wpcf7-form-control wpcf7-acceptance\"><span class=\"wpcf7-list-item\"><label><input type=\"checkbox\" name=\"acceptance-878\" value=\"1\" aria-invalid=\"false\" \/><span class=\"wpcf7-list-item-label\">J'accepte les conditions d'utilisation et la politique de confidentialit\u00e9 concernant le traitement de mes donn\u00e9es. Conform\u00e9ment \u00e0 l'article 34 de la loi informatique et libert\u00e9 du 6 janvier 1978, vous disposez d'un droit d'acc\u00e8s, de modification et de suppression des donn\u00e9es qui vous concernent. Pour l'exercer, adressez-vous \u00e0 contact(at)e-clid(dot)io.<\/span><\/label><\/span><\/span><\/span>\n\t<\/p>\n\t<p><div class=\"cf7-cf-turnstile\" style=\"margin-top: 0px; margin-bottom: -15px;\"> <div id=\"cf-turnstile-cf7-4265780861\" class=\"cf-turnstile\" data-callback=\"turnstileCF7Callback\" data-sitekey=\"0x4AAAAAABkoa56DBTFh-3Tk\" data-theme=\"light\" data-language=\"auto\" data-size=\"normal\" data-retry=\"auto\" data-retry-interval=\"1000\" data-refresh-expired=\"auto\" data-refresh-timeout=\"auto\" data-action=\"contact-form-7\" data-callback=\"turnstileCF7Callback\" data-appearance=\"always\"><\/div> <style>.wpcf7-submit { pointer-events: none; opacity: 0.5; }<\/style> <script>document.addEventListener(\"DOMContentLoaded\", function() { setTimeout(function(){ var e=document.getElementById(\"cf-turnstile-cf7-4265780861\"); if(e&&!e.innerHTML.trim()){turnstile.render(e, {sitekey:\"0x4AAAAAABkoa56DBTFh-3Tk\"});} }, 200); });<\/script> <br class=\"cf-turnstile-br cf-turnstile-br-cf7-4265780861\"> <style>#cf-turnstile-cf7-4265780861 { margin-left: -15px; }<\/style> <script>document.addEventListener(\"DOMContentLoaded\",function(){document.querySelectorAll('.wpcf7-form').forEach(function(e){e.addEventListener('submit',function(){if(document.getElementById('cf-turnstile-cf7-4265780861')){setTimeout(function(){turnstile.reset('#cf-turnstile-cf7-4265780861');},1000)}})})});<\/script> <\/div><br\/><input class=\"wpcf7-form-control wpcf7-submit has-spinner\" type=\"submit\" value=\"Envoyer\" \/>\n\t<\/p>\n<\/div>\n<div class=\"wpcf7-response-output\" aria-hidden=\"true\"><\/div>\n<\/form>\n<\/div>\n\n<\/div>\n<\/div>\n<\/div>\n<\/div>\n<\/div>\n\n\n\n<div style=\"height:85px\" aria-hidden=\"true\" class=\"wp-block-spacer is-style-spacer-xxl\"><\/div>\n","protected":false},"excerpt":{"rendered":"<p>Contacter E-CLID Vous avez des questions, vous souhaitez mieux nous conna\u00eetre et tester notre solution. Vous souhaitez rejoindre l&rsquo;\u00e9quipe &#8230; Nos coordonn\u00e9es 165 AVENUE DE BRETAGNE 59000 LILLE59000 LILLE Lille, Nord, France T\u00e9l. :+33 (0)7 50 92 16 70Email : contact@e-clid.io<\/p>\n","protected":false},"author":1,"featured_media":0,"parent":0,"menu_order":0,"comment_status":"closed","ping_status":"closed","template":"","meta":{"inline_featured_image":false,"footnotes":""},"folder":[],"class_list":["post-56","page","type-page","status-publish","hentry"],"yoast_head":"<!-- This site is optimized with the Yoast SEO plugin v27.5 - https:\/\/yoast.com\/product\/yoast-seo-wordpress\/ -->\n<title>Nous contacter | E-Clid<\/title>\n<meta name=\"description\" content=\"Vous avez des questions, vous souhaitez mieux nous conna\u00eetre et tester notre solution. Vous souhaitez rejoindre l&#039;\u00e9quipe\" \/>\n<meta name=\"robots\" content=\"index, follow, max-snippet:-1, max-image-preview:large, max-video-preview:-1\" \/>\n<link rel=\"canonical\" href=\"https:\/\/e-clid.io\/index.php\/contact\/\" \/>\n<meta property=\"og:locale\" content=\"fr_FR\" \/>\n<meta property=\"og:type\" content=\"article\" \/>\n<meta property=\"og:title\" content=\"Nous contacter | E-Clid\" \/>\n<meta property=\"og:description\" content=\"Vous avez des questions, vous souhaitez mieux nous conna\u00eetre et tester notre solution. Vous souhaitez rejoindre l&#039;\u00e9quipe\" \/>\n<meta property=\"og:url\" content=\"https:\/\/e-clid.io\/index.php\/contact\/\" \/>\n<meta property=\"og:site_name\" content=\"E-Clid\" \/>\n<meta property=\"article:modified_time\" content=\"2025-12-05T15:25:43+00:00\" \/>\n<meta property=\"og:image\" content=\"https:\/\/e-clid.io\/wp-content\/uploads\/2025\/07\/Screenhot-E-Clid.io_.png\" \/>\n\t<meta property=\"og:image:width\" content=\"1737\" \/>\n\t<meta property=\"og:image:height\" content=\"721\" \/>\n\t<meta property=\"og:image:type\" content=\"image\/png\" \/>\n<meta name=\"twitter:card\" content=\"summary_large_image\" \/>\n<meta name=\"twitter:label1\" content=\"Dur\u00e9e de lecture estim\u00e9e\" \/>\n\t<meta name=\"twitter:data1\" content=\"1 minute\" \/>\n<script type=\"application\/ld+json\" class=\"yoast-schema-graph\">{\"@context\":\"https:\\\/\\\/schema.org\",\"@graph\":[{\"@type\":\"WebPage\",\"@id\":\"https:\\\/\\\/e-clid.io\\\/index.php\\\/contact\\\/\",\"url\":\"https:\\\/\\\/e-clid.io\\\/index.php\\\/contact\\\/\",\"name\":\"Nous contacter | E-Clid\",\"isPartOf\":{\"@id\":\"https:\\\/\\\/e-clid.io\\\/#website\"},\"datePublished\":\"2025-05-21T14:03:45+00:00\",\"dateModified\":\"2025-12-05T15:25:43+00:00\",\"description\":\"Vous avez des questions, vous souhaitez mieux nous conna\u00eetre et tester notre solution. Vous souhaitez rejoindre l'\u00e9quipe\",\"breadcrumb\":{\"@id\":\"https:\\\/\\\/e-clid.io\\\/index.php\\\/contact\\\/#breadcrumb\"},\"inLanguage\":\"fr-FR\",\"potentialAction\":[{\"@type\":\"ReadAction\",\"target\":[\"https:\\\/\\\/e-clid.io\\\/index.php\\\/contact\\\/\"]}]},{\"@type\":\"BreadcrumbList\",\"@id\":\"https:\\\/\\\/e-clid.io\\\/index.php\\\/contact\\\/#breadcrumb\",\"itemListElement\":[{\"@type\":\"ListItem\",\"position\":1,\"name\":\"Accueil\",\"item\":\"https:\\\/\\\/e-clid.io\\\/\"},{\"@type\":\"ListItem\",\"position\":2,\"name\":\"Contact\"}]},{\"@type\":\"WebSite\",\"@id\":\"https:\\\/\\\/e-clid.io\\\/#website\",\"url\":\"https:\\\/\\\/e-clid.io\\\/\",\"name\":\"E-Clid\",\"description\":\"L\u2019automatisation des contr\u00f4les des donn\u00e9es comptables au sein d\u2019un m\u00eame logiciel.\",\"alternateName\":\"E-Clid, Acc\u00e9l\u00e9rateur de cl\u00f4ture !\",\"potentialAction\":[{\"@type\":\"SearchAction\",\"target\":{\"@type\":\"EntryPoint\",\"urlTemplate\":\"https:\\\/\\\/e-clid.io\\\/?s={search_term_string}\"},\"query-input\":{\"@type\":\"PropertyValueSpecification\",\"valueRequired\":true,\"valueName\":\"search_term_string\"}}],\"inLanguage\":\"fr-FR\"}]}<\/script>\n<!-- \/ Yoast SEO plugin. -->","yoast_head_json":{"title":"Nous contacter | E-Clid","description":"Vous avez des questions, vous souhaitez mieux nous conna\u00eetre et tester notre solution. Vous souhaitez rejoindre l'\u00e9quipe","robots":{"index":"index","follow":"follow","max-snippet":"max-snippet:-1","max-image-preview":"max-image-preview:large","max-video-preview":"max-video-preview:-1"},"canonical":"https:\/\/e-clid.io\/index.php\/contact\/","og_locale":"fr_FR","og_type":"article","og_title":"Nous contacter | E-Clid","og_description":"Vous avez des questions, vous souhaitez mieux nous conna\u00eetre et tester notre solution. Vous souhaitez rejoindre l'\u00e9quipe","og_url":"https:\/\/e-clid.io\/index.php\/contact\/","og_site_name":"E-Clid","article_modified_time":"2025-12-05T15:25:43+00:00","og_image":[{"width":1737,"height":721,"url":"https:\/\/e-clid.io\/wp-content\/uploads\/2025\/07\/Screenhot-E-Clid.io_.png","type":"image\/png"}],"twitter_card":"summary_large_image","twitter_misc":{"Dur\u00e9e de lecture estim\u00e9e":"1 minute"},"schema":{"@context":"https:\/\/schema.org","@graph":[{"@type":"WebPage","@id":"https:\/\/e-clid.io\/index.php\/contact\/","url":"https:\/\/e-clid.io\/index.php\/contact\/","name":"Nous contacter | E-Clid","isPartOf":{"@id":"https:\/\/e-clid.io\/#website"},"datePublished":"2025-05-21T14:03:45+00:00","dateModified":"2025-12-05T15:25:43+00:00","description":"Vous avez des questions, vous souhaitez mieux nous conna\u00eetre et tester notre solution. Vous souhaitez rejoindre l'\u00e9quipe","breadcrumb":{"@id":"https:\/\/e-clid.io\/index.php\/contact\/#breadcrumb"},"inLanguage":"fr-FR","potentialAction":[{"@type":"ReadAction","target":["https:\/\/e-clid.io\/index.php\/contact\/"]}]},{"@type":"BreadcrumbList","@id":"https:\/\/e-clid.io\/index.php\/contact\/#breadcrumb","itemListElement":[{"@type":"ListItem","position":1,"name":"Accueil","item":"https:\/\/e-clid.io\/"},{"@type":"ListItem","position":2,"name":"Contact"}]},{"@type":"WebSite","@id":"https:\/\/e-clid.io\/#website","url":"https:\/\/e-clid.io\/","name":"E-Clid","description":"L\u2019automatisation des contr\u00f4les des donn\u00e9es comptables au sein d\u2019un m\u00eame logiciel.","alternateName":"E-Clid, Acc\u00e9l\u00e9rateur de cl\u00f4ture !","potentialAction":[{"@type":"SearchAction","target":{"@type":"EntryPoint","urlTemplate":"https:\/\/e-clid.io\/?s={search_term_string}"},"query-input":{"@type":"PropertyValueSpecification","valueRequired":true,"valueName":"search_term_string"}}],"inLanguage":"fr-FR"}]}},"_links":{"self":[{"href":"https:\/\/e-clid.io\/index.php\/wp-json\/wp\/v2\/pages\/56","targetHints":{"allow":["GET"]}}],"collection":[{"href":"https:\/\/e-clid.io\/index.php\/wp-json\/wp\/v2\/pages"}],"about":[{"href":"https:\/\/e-clid.io\/index.php\/wp-json\/wp\/v2\/types\/page"}],"author":[{"embeddable":true,"href":"https:\/\/e-clid.io\/index.php\/wp-json\/wp\/v2\/users\/1"}],"replies":[{"embeddable":true,"href":"https:\/\/e-clid.io\/index.php\/wp-json\/wp\/v2\/comments?post=56"}],"version-history":[{"count":45,"href":"https:\/\/e-clid.io\/index.php\/wp-json\/wp\/v2\/pages\/56\/revisions"}],"predecessor-version":[{"id":830,"href":"https:\/\/e-clid.io\/index.php\/wp-json\/wp\/v2\/pages\/56\/revisions\/830"}],"wp:attachment":[{"href":"https:\/\/e-clid.io\/index.php\/wp-json\/wp\/v2\/media?parent=56"}],"wp:term":[{"taxonomy":"folder","embeddable":true,"href":"https:\/\/e-clid.io\/index.php\/wp-json\/wp\/v2\/folder?post=56"}],"curies":[{"name":"wp","href":"https:\/\/api.w.org\/{rel}","templated":true}]}}