{"id":60,"date":"2025-05-21T14:04:16","date_gmt":"2025-05-21T14:04:16","guid":{"rendered":"https:\/\/trusting-bouman.217-160-68-194.plesk.page\/?page_id=60"},"modified":"2025-07-10T14:45:44","modified_gmt":"2025-07-10T14:45:44","slug":"mentions-legales","status":"publish","type":"page","link":"https:\/\/e-clid.io\/index.php\/mentions-legales\/","title":{"rendered":"Mentions l\u00e9gales"},"content":{"rendered":"\n<div class=\"wp-block-group alignfull is-banner-fonctionnalite-container has-global-padding is-layout-constrained wp-block-group-is-layout-constrained\">\n<div class=\"wp-block-columns alignwide are-vertically-aligned-center has-gap-full is-banner-fonctionnalite-wrapper is-layout-flex wp-container-core-columns-is-layout-28f84493 wp-block-columns-is-layout-flex\">\n<div class=\"wp-block-group is-banner-fonctionnalite-content is-layout-flow wp-block-group-is-layout-flow\">\n<div class=\"wp-block-group is-banner-fonctionnalite-title-container is-layout-flow wp-block-group-is-layout-flow\">\n<h2 class=\"wp-block-heading has-text-align-left has-margin-none is-title-1\">Mentions l\u00e9gales<\/h2>\n<\/div>\n<\/div>\n<\/div>\n<\/div>\n\n\n\n<div style=\"height:100px\" aria-hidden=\"true\" class=\"wp-block-spacer is-style-spacer-l\"><\/div>\n\n\n\n<p><strong>1. \u00c9diteur du site<\/strong> Le site internet <a href=\"http:\/\/www.e-clid.io\">www.e-clid.io<\/a> (ci-apr\u00e8s le \u00ab Site \u00bb) est \u00e9dit\u00e9 par :<\/p>\n\n\n\n<ul class=\"wp-block-list\">\n<li><strong>Nom de l\u2019entreprise<\/strong> : ROSTAK<\/li>\n\n\n\n<li><strong>Forme juridique<\/strong> : Soci\u00e9t\u00e9 par actions simplifi\u00e9e (SAS)<\/li>\n\n\n\n<li><strong>Capital social<\/strong> : 30.000\u20ac<\/li>\n\n\n\n<li><strong>Si\u00e8ge social<\/strong> : 165 Avenue de Bretagne, 59000 Lille<\/li>\n\n\n\n<li><strong>Num\u00e9ro d&rsquo;immatriculation<\/strong> : 982916744<\/li>\n\n\n\n<li><strong>Num\u00e9ro de TVA intracommunautaire<\/strong> : FR05982916744<\/li>\n\n\n\n<li><strong>Directeur de la publication<\/strong> : Philippe Wallet<\/li>\n\n\n\n<li><strong>Contact<\/strong> : Contact@e-clid.io<\/li>\n<\/ul>\n\n\n\n<p><strong>2. H\u00e9bergement<\/strong> Le site est h\u00e9berg\u00e9 par :<\/p>\n\n\n\n<ul class=\"wp-block-list\">\n<li><strong>Nom de l\u2019h\u00e9bergeur<\/strong> : [Nom de l\u2019h\u00e9bergeur]<\/li>\n\n\n\n<li><strong>Adresse<\/strong> : [Adresse compl\u00e8te de l\u2019h\u00e9bergeur]<\/li>\n\n\n\n<li><strong>T\u00e9l\u00e9phone<\/strong> : [Num\u00e9ro de t\u00e9l\u00e9phone]<\/li>\n<\/ul>\n\n\n\n<p><strong>3. Propri\u00e9t\u00e9 intellectuelle<\/strong> Le contenu du site (textes, images, logos, vid\u00e9os, etc.) est la propri\u00e9t\u00e9 exclusive de ROSTAK ou de ses partenaires. Toute reproduction, diffusion, ou modification sans autorisation pr\u00e9alable est interdite. Les marques cit\u00e9es sur le site sont la propri\u00e9t\u00e9 de leurs d\u00e9tenteurs respectifs.<\/p>\n\n\n\n<p><strong>4. Donn\u00e9es personnelles<\/strong> Conform\u00e9ment \u00e0 la loi \u00ab Informatique et Libert\u00e9s \u00bb du 6 janvier 1978, et au R\u00e8glement G\u00e9n\u00e9ral sur la Protection des Donn\u00e9es (RGPD) du 27 avril 2016, vous disposez d\u2019un droit d\u2019acc\u00e8s, de rectification, de suppression et d\u2019opposition sur vos donn\u00e9es personnelles. Pour exercer ce droit, veuillez contacter le responsable de la protection des donn\u00e9es \u00e0 l\u2019adresse suivante : [adresse email du DPO].<\/p>\n\n\n\n<p><strong>5. Cookies<\/strong> Le site utilise des cookies pour am\u00e9liorer votre exp\u00e9rience de navigation. Vous pouvez d\u00e9sactiver les cookies via les param\u00e8tres de votre navigateur. Pour plus d\u2019informations, consultez notre <a href=\"https:\/\/e-clid.io\/index.php\/politique-de-confidentialite\/\">[Politique de confidentialit\u00e9 \/ Politique des cookies]<\/a>.<\/p>\n\n\n\n<p><strong>6. Responsabilit\u00e9<\/strong> ROSTAK s&rsquo;efforce d&rsquo;assurer l&rsquo;exactitude et la mise \u00e0 jour des informations publi\u00e9es sur le site. Toutefois, l&rsquo;entreprise ne peut garantir l&rsquo;absence d&rsquo;erreurs ou d&rsquo;omissions. En aucun cas, ROSTAK ne pourra \u00eatre tenu responsable des dommages directs ou indirects r\u00e9sultant de l&rsquo;utilisation du site.<\/p>\n\n\n\n<p><strong>7. Liens hypertextes<\/strong> Le site peut contenir des liens vers d\u2019autres sites web. ROSTAK n\u2019est pas responsable du contenu des sites externes et ne garantit en aucun cas leur accessibilit\u00e9 ou leur bon fonctionnement.<\/p>\n\n\n\n<p><strong>8. Loi applicable<\/strong> Le site et son contenu sont soumis \u00e0 la l\u00e9gislation fran\u00e7aise. En cas de litige, le tribunal de commerce de Lille sera seul comp\u00e9tent.<\/p>\n\n\n\n<div style=\"height:100px\" aria-hidden=\"true\" class=\"wp-block-spacer is-style-spacer-xxl\"><\/div>\n","protected":false},"excerpt":{"rendered":"<p>Mentions l\u00e9gales 1. \u00c9diteur du site Le site internet www.e-clid.io (ci-apr\u00e8s le \u00ab Site \u00bb) est \u00e9dit\u00e9 par : 2. H\u00e9bergement Le site est h\u00e9berg\u00e9 par : 3. Propri\u00e9t\u00e9 intellectuelle Le contenu du site (textes, images, logos, vid\u00e9os, etc.) est la propri\u00e9t\u00e9 exclusive de ROSTAK ou de ses partenaires. Toute reproduction, diffusion, ou modification sans [&hellip;]<\/p>\n","protected":false},"author":1,"featured_media":0,"parent":0,"menu_order":0,"comment_status":"closed","ping_status":"closed","template":"","meta":{"inline_featured_image":false,"footnotes":""},"folder":[],"class_list":["post-60","page","type-page","status-publish","hentry"],"yoast_head":"<!-- This site is optimized with the Yoast SEO plugin v27.5 - https:\/\/yoast.com\/product\/yoast-seo-wordpress\/ -->\n<title>Mentions l\u00e9gales | E-Clid<\/title>\n<meta name=\"robots\" content=\"index, follow, max-snippet:-1, max-image-preview:large, max-video-preview:-1\" \/>\n<link rel=\"canonical\" href=\"https:\/\/e-clid.io\/index.php\/mentions-legales\/\" \/>\n<meta property=\"og:locale\" content=\"fr_FR\" \/>\n<meta property=\"og:type\" content=\"article\" \/>\n<meta property=\"og:title\" content=\"Mentions l\u00e9gales | E-Clid\" \/>\n<meta property=\"og:description\" content=\"Mentions l\u00e9gales 1. \u00c9diteur du site Le site internet www.e-clid.io (ci-apr\u00e8s le \u00ab Site \u00bb) est \u00e9dit\u00e9 par : 2. H\u00e9bergement Le site est h\u00e9berg\u00e9 par : 3. Propri\u00e9t\u00e9 intellectuelle Le contenu du site (textes, images, logos, vid\u00e9os, etc.) est la propri\u00e9t\u00e9 exclusive de ROSTAK ou de ses partenaires. Toute reproduction, diffusion, ou modification sans [&hellip;]\" \/>\n<meta property=\"og:url\" content=\"https:\/\/e-clid.io\/index.php\/mentions-legales\/\" \/>\n<meta property=\"og:site_name\" content=\"E-Clid\" \/>\n<meta property=\"article:modified_time\" content=\"2025-07-10T14:45:44+00:00\" \/>\n<meta property=\"og:image\" content=\"https:\/\/e-clid.io\/wp-content\/uploads\/2025\/07\/Screenhot-E-Clid.io_.png\" \/>\n\t<meta property=\"og:image:width\" content=\"1737\" \/>\n\t<meta property=\"og:image:height\" content=\"721\" \/>\n\t<meta property=\"og:image:type\" content=\"image\/png\" \/>\n<meta name=\"twitter:card\" content=\"summary_large_image\" \/>\n<meta name=\"twitter:label1\" content=\"Dur\u00e9e de lecture estim\u00e9e\" \/>\n\t<meta name=\"twitter:data1\" content=\"2 minutes\" \/>\n<script type=\"application\/ld+json\" class=\"yoast-schema-graph\">{\"@context\":\"https:\\\/\\\/schema.org\",\"@graph\":[{\"@type\":\"WebPage\",\"@id\":\"https:\\\/\\\/e-clid.io\\\/index.php\\\/mentions-legales\\\/\",\"url\":\"https:\\\/\\\/e-clid.io\\\/index.php\\\/mentions-legales\\\/\",\"name\":\"Mentions l\u00e9gales | E-Clid\",\"isPartOf\":{\"@id\":\"https:\\\/\\\/e-clid.io\\\/#website\"},\"datePublished\":\"2025-05-21T14:04:16+00:00\",\"dateModified\":\"2025-07-10T14:45:44+00:00\",\"breadcrumb\":{\"@id\":\"https:\\\/\\\/e-clid.io\\\/index.php\\\/mentions-legales\\\/#breadcrumb\"},\"inLanguage\":\"fr-FR\",\"potentialAction\":[{\"@type\":\"ReadAction\",\"target\":[\"https:\\\/\\\/e-clid.io\\\/index.php\\\/mentions-legales\\\/\"]}]},{\"@type\":\"BreadcrumbList\",\"@id\":\"https:\\\/\\\/e-clid.io\\\/index.php\\\/mentions-legales\\\/#breadcrumb\",\"itemListElement\":[{\"@type\":\"ListItem\",\"position\":1,\"name\":\"Accueil\",\"item\":\"https:\\\/\\\/e-clid.io\\\/\"},{\"@type\":\"ListItem\",\"position\":2,\"name\":\"Mentions l\u00e9gales\"}]},{\"@type\":\"WebSite\",\"@id\":\"https:\\\/\\\/e-clid.io\\\/#website\",\"url\":\"https:\\\/\\\/e-clid.io\\\/\",\"name\":\"E-Clid\",\"description\":\"L\u2019automatisation des contr\u00f4les des donn\u00e9es comptables au sein d\u2019un m\u00eame logiciel.\",\"alternateName\":\"E-Clid, Acc\u00e9l\u00e9rateur de cl\u00f4ture !\",\"potentialAction\":[{\"@type\":\"SearchAction\",\"target\":{\"@type\":\"EntryPoint\",\"urlTemplate\":\"https:\\\/\\\/e-clid.io\\\/?s={search_term_string}\"},\"query-input\":{\"@type\":\"PropertyValueSpecification\",\"valueRequired\":true,\"valueName\":\"search_term_string\"}}],\"inLanguage\":\"fr-FR\"}]}<\/script>\n<!-- \/ Yoast SEO plugin. -->","yoast_head_json":{"title":"Mentions l\u00e9gales | E-Clid","robots":{"index":"index","follow":"follow","max-snippet":"max-snippet:-1","max-image-preview":"max-image-preview:large","max-video-preview":"max-video-preview:-1"},"canonical":"https:\/\/e-clid.io\/index.php\/mentions-legales\/","og_locale":"fr_FR","og_type":"article","og_title":"Mentions l\u00e9gales | E-Clid","og_description":"Mentions l\u00e9gales 1. \u00c9diteur du site Le site internet www.e-clid.io (ci-apr\u00e8s le \u00ab Site \u00bb) est \u00e9dit\u00e9 par : 2. H\u00e9bergement Le site est h\u00e9berg\u00e9 par : 3. Propri\u00e9t\u00e9 intellectuelle Le contenu du site (textes, images, logos, vid\u00e9os, etc.) est la propri\u00e9t\u00e9 exclusive de ROSTAK ou de ses partenaires. Toute reproduction, diffusion, ou modification sans [&hellip;]","og_url":"https:\/\/e-clid.io\/index.php\/mentions-legales\/","og_site_name":"E-Clid","article_modified_time":"2025-07-10T14:45:44+00:00","og_image":[{"width":1737,"height":721,"url":"https:\/\/e-clid.io\/wp-content\/uploads\/2025\/07\/Screenhot-E-Clid.io_.png","type":"image\/png"}],"twitter_card":"summary_large_image","twitter_misc":{"Dur\u00e9e de lecture estim\u00e9e":"2 minutes"},"schema":{"@context":"https:\/\/schema.org","@graph":[{"@type":"WebPage","@id":"https:\/\/e-clid.io\/index.php\/mentions-legales\/","url":"https:\/\/e-clid.io\/index.php\/mentions-legales\/","name":"Mentions l\u00e9gales | E-Clid","isPartOf":{"@id":"https:\/\/e-clid.io\/#website"},"datePublished":"2025-05-21T14:04:16+00:00","dateModified":"2025-07-10T14:45:44+00:00","breadcrumb":{"@id":"https:\/\/e-clid.io\/index.php\/mentions-legales\/#breadcrumb"},"inLanguage":"fr-FR","potentialAction":[{"@type":"ReadAction","target":["https:\/\/e-clid.io\/index.php\/mentions-legales\/"]}]},{"@type":"BreadcrumbList","@id":"https:\/\/e-clid.io\/index.php\/mentions-legales\/#breadcrumb","itemListElement":[{"@type":"ListItem","position":1,"name":"Accueil","item":"https:\/\/e-clid.io\/"},{"@type":"ListItem","position":2,"name":"Mentions l\u00e9gales"}]},{"@type":"WebSite","@id":"https:\/\/e-clid.io\/#website","url":"https:\/\/e-clid.io\/","name":"E-Clid","description":"L\u2019automatisation des contr\u00f4les des donn\u00e9es comptables au sein d\u2019un m\u00eame logiciel.","alternateName":"E-Clid, Acc\u00e9l\u00e9rateur de cl\u00f4ture !","potentialAction":[{"@type":"SearchAction","target":{"@type":"EntryPoint","urlTemplate":"https:\/\/e-clid.io\/?s={search_term_string}"},"query-input":{"@type":"PropertyValueSpecification","valueRequired":true,"valueName":"search_term_string"}}],"inLanguage":"fr-FR"}]}},"_links":{"self":[{"href":"https:\/\/e-clid.io\/index.php\/wp-json\/wp\/v2\/pages\/60","targetHints":{"allow":["GET"]}}],"collection":[{"href":"https:\/\/e-clid.io\/index.php\/wp-json\/wp\/v2\/pages"}],"about":[{"href":"https:\/\/e-clid.io\/index.php\/wp-json\/wp\/v2\/types\/page"}],"author":[{"embeddable":true,"href":"https:\/\/e-clid.io\/index.php\/wp-json\/wp\/v2\/users\/1"}],"replies":[{"embeddable":true,"href":"https:\/\/e-clid.io\/index.php\/wp-json\/wp\/v2\/comments?post=60"}],"version-history":[{"count":4,"href":"https:\/\/e-clid.io\/index.php\/wp-json\/wp\/v2\/pages\/60\/revisions"}],"predecessor-version":[{"id":664,"href":"https:\/\/e-clid.io\/index.php\/wp-json\/wp\/v2\/pages\/60\/revisions\/664"}],"wp:attachment":[{"href":"https:\/\/e-clid.io\/index.php\/wp-json\/wp\/v2\/media?parent=60"}],"wp:term":[{"taxonomy":"folder","embeddable":true,"href":"https:\/\/e-clid.io\/index.php\/wp-json\/wp\/v2\/folder?post=60"}],"curies":[{"name":"wp","href":"https:\/\/api.w.org\/{rel}","templated":true}]}}