{"id":67,"date":"2025-05-21T14:05:18","date_gmt":"2025-05-21T14:05:18","guid":{"rendered":"https:\/\/trusting-bouman.217-160-68-194.plesk.page\/?page_id=67"},"modified":"2025-07-21T14:07:05","modified_gmt":"2025-07-21T14:07:05","slug":"tarifs","status":"publish","type":"page","link":"https:\/\/e-clid.io\/index.php\/tarifs\/","title":{"rendered":"Tarifs"},"content":{"rendered":"\n<div class=\"wp-block-group alignfull is-tarif-container has-global-padding is-layout-constrained wp-block-group-is-layout-constrained\" style=\"padding-top:var(--wp--custom--spacer-l);padding-right:var(--wp--custom--spacer-m);padding-bottom:var(--wp--custom--spacer-l);padding-left:var(--wp--custom--spacer-m)\">\n<div style=\"height:100px\" aria-hidden=\"true\" class=\"wp-block-spacer is-style-spacer-m\"><\/div>\n\n\n\n<h1 class=\"wp-block-heading has-text-align-center alignwide is-title-1 has-margin-bottom-l\">Tarifs : Un mod\u00e8le d\u2019abonnement <br><span class=\"is-text-gradient\">adapt\u00e9 \u00e0 vos besoins<\/span><\/h1>\n\n\n\n<div class=\"wp-block-columns alignwide has-gap-base has-equal-height is-layout-flex wp-container-core-columns-is-layout-28f84493 wp-block-columns-is-layout-flex\">\n<div class=\"wp-block-column is-layout-flow wp-block-column-is-layout-flow\">\n<div class=\"wp-block-group has-shadow-soft is-flex-container is-flex-column is-justify-between has-border-100 has-padding-y is-layout-flow wp-block-group-is-layout-flow\">\n<h3 class=\"wp-block-heading is-title-2 has-padding-x is-height-fix is-strong has-text-align-center\"><strong>Solo <\/strong><br><\/h3>\n\n\n\n<hr class=\"wp-block-separator has-alpha-channel-opacity is-separator-tarif is-style-wide\"\/>\n\n\n\n<div class=\"wp-block-group is-flex-container is-flex-column has-gap-none has-margin-top-base is-layout-flow wp-block-group-is-layout-flow\">\n<p class=\"has-text-align-center has-padding-x is-title-1 is-strong is-text-gradient\">69 <span class=\"is-title-bloc-2\">\u20ac<\/span> <span class=\"is-paragraphe is-light\">HT\/mois<\/span><\/p>\n\n\n\n<p class=\"has-text-align-center has-padding-x is-footer is-light\">Engagement 12 mois<\/p>\n<\/div>\n\n\n\n<div class=\"wp-block-group is-flex-container is-flex-column has-gap-none has-margin-top-base has-margin-bottom-xxl is-layout-flow wp-block-group-is-layout-flow\">\n<p class=\"has-text-align-center has-padding-x is-title-1 is-strong has-footer-font-size\">89 <span class=\"is-title-bloc-2\">\u20ac<\/span> <span class=\"is-paragraphe is-light\">HT\/mois<\/span><\/p>\n\n\n\n<p class=\"has-text-align-center has-padding-x is-footer is-light\">Sans engagement<\/p>\n<\/div>\n<\/div>\n<\/div>\n\n\n\n<div class=\"wp-block-column is-layout-flow wp-block-column-is-layout-flow\">\n<div class=\"wp-block-group has-shadow-soft is-flex-container is-flex-column is-justify-between has-border-200 has-padding-y is-layout-flow wp-block-group-is-layout-flow\">\n<h3 class=\"wp-block-heading is-title-2 has-padding-x is-height-fix is-strong has-text-align-center\"><strong>5 \u00e0 9 <\/strong><br>entit\u00e9s<sup> *<\/sup><\/h3>\n\n\n\n<hr class=\"wp-block-separator has-alpha-channel-opacity is-separator-tarif is-style-wide\"\/>\n\n\n\n<div class=\"wp-block-group is-flex-container is-flex-column has-gap-none has-margin-top-base is-layout-flow wp-block-group-is-layout-flow\">\n<p class=\"has-text-align-center has-padding-x is-title-1 is-strong is-text-gradient\">49 <span class=\"is-title-bloc-2\">\u20ac<\/span> <span class=\"is-paragraphe is-light\">HT\/mois<\/span><\/p>\n\n\n\n<p class=\"has-text-align-center has-padding-x is-footer is-light\">Engagement 12 mois<\/p>\n<\/div>\n\n\n\n<div class=\"wp-block-group is-flex-container is-flex-column has-gap-none has-margin-top-base has-margin-bottom-xxl is-layout-flow wp-block-group-is-layout-flow\">\n<p class=\"has-text-align-center has-padding-x is-title-1 is-strong has-buttons-font-size\">59 <span class=\"is-title-bloc-2\">\u20ac<\/span> <span class=\"is-paragraphe is-light\">HT\/mois<\/span><\/p>\n\n\n\n<p class=\"has-text-align-center has-padding-x is-footer is-light\">Sans engagement<\/p>\n<\/div>\n<\/div>\n<\/div>\n\n\n\n<div class=\"wp-block-column is-layout-flow wp-block-column-is-layout-flow\">\n<div class=\"wp-block-group has-shadow-soft is-flex-container is-flex-column is-justify-between has-border-300 has-padding-y is-layout-flow wp-block-group-is-layout-flow\">\n<h3 class=\"wp-block-heading is-title-2 has-padding-x is-height-fix is-strong has-text-align-center\"><strong>10 \u00e0 14 <\/strong>entit\u00e9s<sup>*<\/sup><\/h3>\n\n\n\n<hr class=\"wp-block-separator has-alpha-channel-opacity is-separator-tarif is-style-wide\"\/>\n\n\n\n<div class=\"wp-block-group is-flex-container is-flex-column has-gap-none has-margin-top-base is-layout-flow wp-block-group-is-layout-flow\">\n<p class=\"has-text-align-center has-padding-x is-title-1 is-strong is-text-gradient\">39 <span class=\"is-title-bloc-2\">\u20ac<\/span> <span class=\"is-paragraphe is-light\">HT\/mois<\/span><\/p>\n\n\n\n<p class=\"has-text-align-center has-padding-x is-footer is-light\">Engagement 12 mois<\/p>\n<\/div>\n\n\n\n<div class=\"wp-block-group is-flex-container is-flex-column has-gap-none has-margin-top-base has-margin-bottom-xxl is-layout-flow wp-block-group-is-layout-flow\">\n<p class=\"has-text-align-center has-padding-x is-title-1 is-strong\">49 <span class=\"is-title-bloc-2\">\u20ac<\/span> <span class=\"is-paragraphe is-light\">HT\/mois<\/span><\/p>\n\n\n\n<p class=\"has-text-align-center has-padding-x is-footer is-light\">Sans engagement<\/p>\n<\/div>\n<\/div>\n<\/div>\n\n\n\n<div class=\"wp-block-column is-layout-flow wp-block-column-is-layout-flow\">\n<div class=\"wp-block-group has-shadow-soft is-flex-container is-flex-column is-justify-between has-border-400 has-padding-y is-layout-flow wp-block-group-is-layout-flow\">\n<h3 class=\"wp-block-heading is-title-2 has-padding-x is-height-fix is-strong has-text-align-center\"><strong>15 \u00e0 19 <\/strong>entit\u00e9s<sup>*<\/sup><\/h3>\n\n\n\n<hr class=\"wp-block-separator has-alpha-channel-opacity is-separator-tarif is-style-wide\"\/>\n\n\n\n<div class=\"wp-block-group is-flex-container is-flex-column has-gap-none has-margin-top-base is-layout-flow wp-block-group-is-layout-flow\">\n<p class=\"has-text-align-center has-padding-x is-title-1 is-strong is-text-gradient\">29 <span class=\"is-title-bloc-2\">\u20ac<\/span> <span class=\"is-paragraphe is-light\">HT\/mois<\/span><\/p>\n\n\n\n<p class=\"has-text-align-center has-padding-x is-footer is-light\">Engagement 12 mois<\/p>\n<\/div>\n\n\n\n<div class=\"wp-block-group is-flex-container is-flex-column has-gap-none has-margin-top-base has-margin-bottom-xxl is-layout-flow wp-block-group-is-layout-flow\">\n<p class=\"has-text-align-center has-padding-x is-title-1 is-strong\">39 <span class=\"is-title-bloc-2\">\u20ac<\/span> <span class=\"is-paragraphe is-light\">HT\/mois<\/span><\/p>\n\n\n\n<p class=\"has-text-align-center has-padding-x is-footer is-light\">Sans engagement<\/p>\n<\/div>\n<\/div>\n<\/div>\n<\/div>\n\n\n\n<div class=\"wp-block-columns is-layout-flex wp-container-core-columns-is-layout-28f84493 wp-block-columns-is-layout-flex\">\n<div class=\"wp-block-column is-layout-flow wp-block-column-is-layout-flow\" style=\"flex-basis:100%\">\n<div style=\"height:56px\" aria-hidden=\"true\" class=\"wp-block-spacer is-style-spacer-m\"><\/div>\n<\/div>\n<\/div>\n\n\n\n<p class=\"alignwide has-text-align-center is-footer has-margin-top-base\">* <strong>Tarifs par entit\u00e9\/mois.<\/strong> Une entit\u00e9 correspondant \u00e0 un SIREN. Nombre d\u2019utilisateurs illimit\u00e9.<br><br>Pour plus de 20 entit\u00e9s, nous \u00e9tudierons ensemble une offre personnalis\u00e9e. <\/p>\n\n\n\n<div class=\"wp-block-columns is-layout-flex wp-container-core-columns-is-layout-28f84493 wp-block-columns-is-layout-flex\">\n<div class=\"wp-block-column is-layout-flow wp-block-column-is-layout-flow\" style=\"flex-basis:100%\">\n<div style=\"height:56px\" aria-hidden=\"true\" class=\"wp-block-spacer is-style-spacer-m\"><\/div>\n<\/div>\n<\/div>\n\n\n\n<div class=\"wp-block-buttons is-content-justification-center is-layout-flex wp-container-core-buttons-is-layout-f6f51b6e wp-block-buttons-is-layout-flex\">\n<div class=\"wp-block-button is-style-fill\"><a class=\"wp-block-button__link has-text-align-center wp-element-button\" href=\"https:\/\/cal.com\/e-clid\" target=\"_blank\" rel=\"noreferrer noopener\">Prendre rendez-vous<\/a><\/div>\n\n\n\n<div class=\"wp-block-button is-style-gradient\"><a class=\"wp-block-button__link has-text-align-center wp-element-button\" href=\"https:\/\/e-clid.io\/index.php\/contact\/\">Demander un devis<\/a><\/div>\n<\/div>\n\n\n\n<div class=\"wp-block-group has-margin-top-xl is-layout-flow wp-block-group-is-layout-flow\">\n<ul class=\"wp-block-list is-style-none is-footer is-tarif-primary-card\">\n<li class=\"is-flex-container is-items-center\"><img decoding=\"async\" style=\"border-radius:20px;\" src=\"https:\/\/e-clid.io\/wp-content\/uploads\/2025\/05\/Icone-de-verification.svg\" alt=\"Image descriptive\"> Programme d\u2019\u00e9valuation gratuit ;<\/li>\n\n\n\n<li class=\"is-flex-container is-items-center\"><img decoding=\"async\" style=\"border-radius:20px;\" src=\"https:\/\/e-clid.io\/wp-content\/uploads\/2025\/05\/Icone-de-verification.svg\" alt=\"Image descriptive\"> Sans engagement et sur un nombre d\u2019entit\u00e9s et d\u2019utilisateurs illimit\u00e9s ;<\/li>\n\n\n\n<li class=\"is-flex-container is-items-center\"><img decoding=\"async\" style=\"border-radius:20px;\" src=\"https:\/\/e-clid.io\/wp-content\/uploads\/2025\/05\/Icone-de-verification.svg\" alt=\"Image descriptive\"> Atelier de prise en main et accompagnement \u00e0 l\u2019utilisation.<\/li>\n<\/ul>\n<\/div>\n<\/div>\n\n\n\n<div class=\"wp-block-group alignfull has-global-padding is-layout-constrained wp-container-core-group-is-layout-0c1a7f89 wp-block-group-is-layout-constrained\" style=\"padding-top:var(--wp--preset--spacing--80);padding-right:var(--wp--preset--spacing--40);padding-bottom:var(--wp--preset--spacing--80);padding-left:var(--wp--preset--spacing--40)\">\n<div class=\"wp-block-columns alignwide has-global-padding is-layout-constrained wp-block-columns-is-layout-constrained\">\n<div class=\"wp-block-column alignwide is-layout-flow wp-block-column-is-layout-flow\">\n<h2 class=\"wp-block-heading has-text-align-left is-title-1 is-text-gradient has-margin-bottom-xl\">Pourquoi <br>choisir E-Clid ?<\/h2>\n<\/div>\n<\/div>\n\n\n\n<div class=\"wp-block-columns alignwide is-grid-card-section is-layout-flex wp-container-core-columns-is-layout-47c06fe3 wp-block-columns-is-layout-flex\">\n<div class=\"wp-block-column is-grid-card is-layout-flow wp-block-column-is-layout-flow\">\n<div class=\"wp-block-group is-layout-flow wp-block-group-is-layout-flow\">\n<figure class=\"wp-block-image size-full is-resized\"><img decoding=\"async\" src=\"https:\/\/e-clid.io\/wp-content\/uploads\/2025\/05\/Icone-horloge.svg\" alt=\"Ic\u00f4ne service 1\" style=\"width:50px;height:50px\"\/><\/figure>\n\n\n\n<h3 class=\"wp-block-heading is-title-bloc-2 is-grid-card-title\">Un gain de temps de 3 heures par mois<\/h3>\n\n\n\n<p class=\"has-margin-top-base\">Gr\u00e2ce \u00e0 E-Clid, l\u2019automatisation des contr\u00f4les des \u00e9critures comptables permet de gagner un temps pr\u00e9cieux. Vous r\u00e9duisez significativement le temps consacr\u00e9 \u00e0 la v\u00e9rification manuelle des \u00e9critures comptables, ce qui lib\u00e8re des ressources pour des t\u00e2ches \u00e0 plus forte valeur ajout\u00e9e.<\/p>\n<\/div>\n<\/div>\n\n\n\n<div class=\"wp-block-column is-grid-card is-layout-flow wp-block-column-is-layout-flow\">\n<div class=\"wp-block-group is-layout-flow wp-block-group-is-layout-flow\">\n<figure class=\"wp-block-image size-full is-resized\"><img decoding=\"async\" src=\"https:\/\/e-clid.io\/wp-content\/uploads\/2025\/05\/Icone-oeil-plus.svg\" alt=\"Ic\u00f4ne service 1\" style=\"width:50px;height:50px\"\/><\/figure>\n\n\n\n<h3 class=\"wp-block-heading is-title-bloc-2 is-grid-card-title\">Une supervision simplifi\u00e9e des dossiers comptables<\/h3>\n\n\n\n<p class=\"has-margin-top-base\">E-Clid simplifie la gestion et la supervision de vos dossiers comptables en offrant une vue claire et structur\u00e9e des \u00e9carts identifi\u00e9s et des contr\u00f4les effectu\u00e9s. Vous pouvez facilement suivre l\u2019\u00e9tat des contr\u00f4les en temps r\u00e9el, minimisant ainsi les risques d\u2019erreurs ou d\u2019omissions.<\/p>\n<\/div>\n<\/div>\n\n\n\n<div class=\"wp-block-column is-grid-card is-layout-flow wp-block-column-is-layout-flow\">\n<div class=\"wp-block-group is-layout-flow wp-block-group-is-layout-flow\">\n<figure class=\"wp-block-image size-full is-resized\"><img decoding=\"async\" src=\"https:\/\/e-clid.io\/wp-content\/uploads\/2025\/05\/Icone-sourire.svg\" alt=\"Ic\u00f4ne service 1\" style=\"width:50px;height:50px\"\/><\/figure>\n\n\n\n<h3 class=\"wp-block-heading is-title-bloc-2 is-grid-card-title\">Un gain d&rsquo;efficacit\u00e9 dans l&rsquo;\u00e9tablissement des comptes annuels<\/h3>\n\n\n\n<p class=\"has-margin-top-base\">L\u2019utilisation d\u2019E-Clid pendant l\u2019exercice comptable permet de corriger la comptabilit\u00e9 et d\u2019acc\u00e9l\u00e9rer la pr\u00e9paration des comptes annuels. L\u2019automatisation des v\u00e9rifications et la coh\u00e9rence des informations permettent de pr\u00e9parer des \u00e9tats financiers plus rapidement, avec une meilleure pr\u00e9cision.<\/p>\n<\/div>\n<\/div>\n\n\n\n<div class=\"wp-block-column is-grid-card is-layout-flow wp-block-column-is-layout-flow\">\n<div class=\"wp-block-group is-layout-flow wp-block-group-is-layout-flow\">\n<figure class=\"wp-block-image size-full is-resized\"><img decoding=\"async\" src=\"https:\/\/e-clid.io\/wp-content\/uploads\/2025\/05\/Icone-trois-etoiles.svg\" alt=\"Ic\u00f4ne service 1\" style=\"width:50px;height:50px\"\/><\/figure>\n\n\n\n<h3 class=\"wp-block-heading is-title-bloc-2 is-grid-card-title\">Plus de s\u00e9r\u00e9nit\u00e9 dans la confiance accord\u00e9e aux \u00e9critures comptables<\/h3>\n\n\n\n<p class=\"has-margin-top-base\">Avec E-Clid la qualit\u00e9 de vos donn\u00e9es comptables est renforc\u00e9e. Vous b\u00e9n\u00e9ficiez de contr\u00f4les continus, assurant une parfaite coh\u00e9rence et fiabilit\u00e9 des informations. En compl\u00e9ment des outils d\u00e9di\u00e9s \u00e0 l\u2019ECF (examen de conformit\u00e9 fiscale), cela vous procure une s\u00e9r\u00e9nit\u00e9 accrue, tout en facilitant les relations avec les parties prenantes (audit, actionnaires, etc.).<\/p>\n<\/div>\n<\/div>\n\n\n\n<div class=\"wp-block-column is-grid-card is-layout-flow wp-block-column-is-layout-flow\">\n<div class=\"wp-block-group is-layout-flow wp-block-group-is-layout-flow\">\n<figure class=\"wp-block-image size-full is-resized\"><img decoding=\"async\" src=\"https:\/\/e-clid.io\/wp-content\/uploads\/2025\/05\/Icone-trois-etoiles.svg\" alt=\"Ic\u00f4ne service 1\" style=\"width:50px;height:50px\"\/><\/figure>\n\n\n\n<h3 class=\"wp-block-heading is-title-bloc-2 is-grid-card-title\">La proposition de nouveaux services aux dirigeants<\/h3>\n\n\n\n<p class=\"has-margin-top-base\">E-Clid vous permet d\u2019offrir de nouveaux services \u00e0 vos dirigeants, tels que des rapports d\u2019analyses financi\u00e8res d\u00e9taill\u00e9s et des recommandations d\u2019optimisation financi\u00e8re. Vous pouvez ainsi proposer des solutions plus strat\u00e9giques et adapt\u00e9es \u00e0 leurs besoins sp\u00e9cifiques.<\/p>\n<\/div>\n<\/div>\n\n\n\n<div class=\"wp-block-column is-grid-card is-layout-flow wp-block-column-is-layout-flow\">\n<div class=\"wp-block-group is-layout-flow wp-block-group-is-layout-flow\">\n<figure class=\"wp-block-image size-full is-resized\"><img decoding=\"async\" src=\"https:\/\/e-clid.io\/wp-content\/uploads\/2025\/05\/Icone-trois-etoiles.svg\" alt=\"Ic\u00f4ne service 1\" style=\"width:50px;height:50px\"\/><\/figure>\n\n\n\n<h3 class=\"wp-block-heading is-title-bloc-2 is-grid-card-title\">L&rsquo;historisation, tout au long de l&rsquo;exercice comptable, des contr\u00f4les r\u00e9alis\u00e9s<\/h3>\n\n\n\n<p class=\"has-margin-top-base\">E-Clid garantit une tra\u00e7abilit\u00e9 compl\u00e8te de tous les contr\u00f4les effectu\u00e9s durant l\u2019exercice comptable. L&rsquo;historisation des contr\u00f4les permet de consulter \u00e0 tout moment les actions pass\u00e9es, ce qui renforce la transparence et la responsabilit\u00e9 tout au long de l&rsquo;ann\u00e9e.<\/p>\n<\/div>\n<\/div>\n<\/div>\n<\/div>\n\n\n\n<div class=\"wp-block-group alignwide has-degrade-1-background is-banner-degrade-1-container has-white-color has-text-color has-global-padding is-layout-constrained wp-block-group-is-layout-constrained\">\n<div class=\"wp-block-columns are-vertically-aligned-center alignwide is-justify-between is-banner-degrade-1-wrapper is-layout-flex wp-container-core-columns-is-layout-28f84493 wp-block-columns-is-layout-flex\">\n<div class=\"wp-block-column is-vertically-aligned-center is-layout-flow wp-block-column-is-layout-flow\" style=\"flex-basis:55%\">\n<h2 class=\"wp-block-heading is-title-1\">Vos analyses <br>en quelques secondes<\/h2>\n\n\n\n<p class=\"has-margin-top-m has-margin-bottom-xl\"><strong>L\u2019automatisation des contr\u00f4les des donn\u00e9es comptables au sein d\u2019un m\u00eame logiciel.<\/strong><br>E-Clid permet d\u2019alerter sur les incoh\u00e9rences identifi\u00e9es dans la comptabilit\u00e9, \u00e0 tout moment au cours de l\u2019exercice comptable, d\u2019acc\u00e9der aux d\u00e9tails de l\u2019alerte et de mesurer le niveau de confiance \u00e0 lui accorder avant son utilisation \u00e0 des fins de reporting.<\/p>\n<\/div>\n\n\n\n<div class=\"wp-block-column is-vertically-aligned-bottom is-layout-flow wp-block-column-is-layout-flow\" style=\"flex-basis:45%\">\n<figure class=\"wp-block-image size-full is-resized\"><img decoding=\"async\" src=\"https:\/\/e-clid.io\/wp-content\/uploads\/2025\/06\/Tableau-de-bord-des-alertes_01_Vs01.svg\" alt=\"\" class=\"wp-image-409\" style=\"width:488px;height:auto\"\/><\/figure>\n<\/div>\n<\/div>\n<\/div>\n\n\n\n<div style=\"height:100px\" aria-hidden=\"true\" class=\"wp-block-spacer is-style-spacer-xxl\"><\/div>\n","protected":false},"excerpt":{"rendered":"<p>Tarifs : Un mod\u00e8le d\u2019abonnement adapt\u00e9 \u00e0 vos besoins Solo 69 \u20ac HT\/mois Engagement 12 mois 89 \u20ac HT\/mois Sans engagement 5 \u00e0 9 entit\u00e9s * 49 \u20ac HT\/mois Engagement 12 mois 59 \u20ac HT\/mois Sans engagement 10 \u00e0 14 entit\u00e9s* 39 \u20ac HT\/mois Engagement 12 mois 49 \u20ac HT\/mois Sans engagement 15 \u00e0 19 [&hellip;]<\/p>\n","protected":false},"author":1,"featured_media":0,"parent":0,"menu_order":0,"comment_status":"closed","ping_status":"closed","template":"","meta":{"inline_featured_image":false,"footnotes":""},"folder":[],"class_list":["post-67","page","type-page","status-publish","hentry"],"yoast_head":"<!-- This site is optimized with the Yoast SEO plugin v27.5 - https:\/\/yoast.com\/product\/yoast-seo-wordpress\/ -->\n<title>Tarifs et Forfaits | E-Clid<\/title>\n<meta name=\"description\" content=\"Tarifs : Un mod\u00e8le d\u2019abonnement adapt\u00e9 \u00e0 vos besoins, \u00e0 partir de 29 \u20acHT\/ mois*\" \/>\n<meta name=\"robots\" content=\"index, follow, max-snippet:-1, max-image-preview:large, max-video-preview:-1\" \/>\n<link rel=\"canonical\" href=\"https:\/\/e-clid.io\/index.php\/tarifs\/\" \/>\n<meta property=\"og:locale\" content=\"fr_FR\" \/>\n<meta property=\"og:type\" content=\"article\" \/>\n<meta property=\"og:title\" content=\"Tarifs et Forfaits | E-Clid\" \/>\n<meta property=\"og:description\" content=\"Tarifs : Un mod\u00e8le d\u2019abonnement adapt\u00e9 \u00e0 vos besoins, \u00e0 partir de 29 \u20acHT\/ mois*\" \/>\n<meta property=\"og:url\" content=\"https:\/\/e-clid.io\/index.php\/tarifs\/\" \/>\n<meta property=\"og:site_name\" content=\"E-Clid\" \/>\n<meta property=\"article:modified_time\" content=\"2025-07-21T14:07:05+00:00\" \/>\n<meta property=\"og:image\" content=\"https:\/\/e-clid.io\/wp-content\/uploads\/2025\/05\/Icone-de-verification.svg\" \/>\n<meta name=\"twitter:card\" content=\"summary_large_image\" \/>\n<meta name=\"twitter:label1\" content=\"Dur\u00e9e de lecture estim\u00e9e\" \/>\n\t<meta name=\"twitter:data1\" content=\"5 minutes\" \/>\n<script type=\"application\/ld+json\" class=\"yoast-schema-graph\">{\"@context\":\"https:\\\/\\\/schema.org\",\"@graph\":[{\"@type\":\"WebPage\",\"@id\":\"https:\\\/\\\/e-clid.io\\\/index.php\\\/tarifs\\\/\",\"url\":\"https:\\\/\\\/e-clid.io\\\/index.php\\\/tarifs\\\/\",\"name\":\"Tarifs et Forfaits | E-Clid\",\"isPartOf\":{\"@id\":\"https:\\\/\\\/e-clid.io\\\/#website\"},\"primaryImageOfPage\":{\"@id\":\"https:\\\/\\\/e-clid.io\\\/index.php\\\/tarifs\\\/#primaryimage\"},\"image\":{\"@id\":\"https:\\\/\\\/e-clid.io\\\/index.php\\\/tarifs\\\/#primaryimage\"},\"thumbnailUrl\":\"https:\\\/\\\/e-clid.io\\\/wp-content\\\/uploads\\\/2025\\\/05\\\/Icone-de-verification.svg\",\"datePublished\":\"2025-05-21T14:05:18+00:00\",\"dateModified\":\"2025-07-21T14:07:05+00:00\",\"description\":\"Tarifs : Un mod\u00e8le d\u2019abonnement adapt\u00e9 \u00e0 vos besoins, \u00e0 partir de 29 \u20acHT\\\/ mois*\",\"breadcrumb\":{\"@id\":\"https:\\\/\\\/e-clid.io\\\/index.php\\\/tarifs\\\/#breadcrumb\"},\"inLanguage\":\"fr-FR\",\"potentialAction\":[{\"@type\":\"ReadAction\",\"target\":[\"https:\\\/\\\/e-clid.io\\\/index.php\\\/tarifs\\\/\"]}]},{\"@type\":\"ImageObject\",\"inLanguage\":\"fr-FR\",\"@id\":\"https:\\\/\\\/e-clid.io\\\/index.php\\\/tarifs\\\/#primaryimage\",\"url\":\"https:\\\/\\\/e-clid.io\\\/wp-content\\\/uploads\\\/2025\\\/05\\\/Icone-de-verification.svg\",\"contentUrl\":\"https:\\\/\\\/e-clid.io\\\/wp-content\\\/uploads\\\/2025\\\/05\\\/Icone-de-verification.svg\",\"width\":18,\"height\":18},{\"@type\":\"BreadcrumbList\",\"@id\":\"https:\\\/\\\/e-clid.io\\\/index.php\\\/tarifs\\\/#breadcrumb\",\"itemListElement\":[{\"@type\":\"ListItem\",\"position\":1,\"name\":\"Accueil\",\"item\":\"https:\\\/\\\/e-clid.io\\\/\"},{\"@type\":\"ListItem\",\"position\":2,\"name\":\"Tarifs\"}]},{\"@type\":\"WebSite\",\"@id\":\"https:\\\/\\\/e-clid.io\\\/#website\",\"url\":\"https:\\\/\\\/e-clid.io\\\/\",\"name\":\"E-Clid\",\"description\":\"L\u2019automatisation des contr\u00f4les des donn\u00e9es comptables au sein d\u2019un m\u00eame logiciel.\",\"alternateName\":\"E-Clid, Acc\u00e9l\u00e9rateur de cl\u00f4ture !\",\"potentialAction\":[{\"@type\":\"SearchAction\",\"target\":{\"@type\":\"EntryPoint\",\"urlTemplate\":\"https:\\\/\\\/e-clid.io\\\/?s={search_term_string}\"},\"query-input\":{\"@type\":\"PropertyValueSpecification\",\"valueRequired\":true,\"valueName\":\"search_term_string\"}}],\"inLanguage\":\"fr-FR\"}]}<\/script>\n<!-- \/ Yoast SEO plugin. -->","yoast_head_json":{"title":"Tarifs et Forfaits | E-Clid","description":"Tarifs : Un mod\u00e8le d\u2019abonnement adapt\u00e9 \u00e0 vos besoins, \u00e0 partir de 29 \u20acHT\/ mois*","robots":{"index":"index","follow":"follow","max-snippet":"max-snippet:-1","max-image-preview":"max-image-preview:large","max-video-preview":"max-video-preview:-1"},"canonical":"https:\/\/e-clid.io\/index.php\/tarifs\/","og_locale":"fr_FR","og_type":"article","og_title":"Tarifs et Forfaits | E-Clid","og_description":"Tarifs : Un mod\u00e8le d\u2019abonnement adapt\u00e9 \u00e0 vos besoins, \u00e0 partir de 29 \u20acHT\/ mois*","og_url":"https:\/\/e-clid.io\/index.php\/tarifs\/","og_site_name":"E-Clid","article_modified_time":"2025-07-21T14:07:05+00:00","og_image":[{"url":"https:\/\/e-clid.io\/wp-content\/uploads\/2025\/05\/Icone-de-verification.svg","type":"","width":"","height":""}],"twitter_card":"summary_large_image","twitter_misc":{"Dur\u00e9e de lecture estim\u00e9e":"5 minutes"},"schema":{"@context":"https:\/\/schema.org","@graph":[{"@type":"WebPage","@id":"https:\/\/e-clid.io\/index.php\/tarifs\/","url":"https:\/\/e-clid.io\/index.php\/tarifs\/","name":"Tarifs et Forfaits | E-Clid","isPartOf":{"@id":"https:\/\/e-clid.io\/#website"},"primaryImageOfPage":{"@id":"https:\/\/e-clid.io\/index.php\/tarifs\/#primaryimage"},"image":{"@id":"https:\/\/e-clid.io\/index.php\/tarifs\/#primaryimage"},"thumbnailUrl":"https:\/\/e-clid.io\/wp-content\/uploads\/2025\/05\/Icone-de-verification.svg","datePublished":"2025-05-21T14:05:18+00:00","dateModified":"2025-07-21T14:07:05+00:00","description":"Tarifs : Un mod\u00e8le d\u2019abonnement adapt\u00e9 \u00e0 vos besoins, \u00e0 partir de 29 \u20acHT\/ mois*","breadcrumb":{"@id":"https:\/\/e-clid.io\/index.php\/tarifs\/#breadcrumb"},"inLanguage":"fr-FR","potentialAction":[{"@type":"ReadAction","target":["https:\/\/e-clid.io\/index.php\/tarifs\/"]}]},{"@type":"ImageObject","inLanguage":"fr-FR","@id":"https:\/\/e-clid.io\/index.php\/tarifs\/#primaryimage","url":"https:\/\/e-clid.io\/wp-content\/uploads\/2025\/05\/Icone-de-verification.svg","contentUrl":"https:\/\/e-clid.io\/wp-content\/uploads\/2025\/05\/Icone-de-verification.svg","width":18,"height":18},{"@type":"BreadcrumbList","@id":"https:\/\/e-clid.io\/index.php\/tarifs\/#breadcrumb","itemListElement":[{"@type":"ListItem","position":1,"name":"Accueil","item":"https:\/\/e-clid.io\/"},{"@type":"ListItem","position":2,"name":"Tarifs"}]},{"@type":"WebSite","@id":"https:\/\/e-clid.io\/#website","url":"https:\/\/e-clid.io\/","name":"E-Clid","description":"L\u2019automatisation des contr\u00f4les des donn\u00e9es comptables au sein d\u2019un m\u00eame logiciel.","alternateName":"E-Clid, Acc\u00e9l\u00e9rateur de cl\u00f4ture !","potentialAction":[{"@type":"SearchAction","target":{"@type":"EntryPoint","urlTemplate":"https:\/\/e-clid.io\/?s={search_term_string}"},"query-input":{"@type":"PropertyValueSpecification","valueRequired":true,"valueName":"search_term_string"}}],"inLanguage":"fr-FR"}]}},"_links":{"self":[{"href":"https:\/\/e-clid.io\/index.php\/wp-json\/wp\/v2\/pages\/67","targetHints":{"allow":["GET"]}}],"collection":[{"href":"https:\/\/e-clid.io\/index.php\/wp-json\/wp\/v2\/pages"}],"about":[{"href":"https:\/\/e-clid.io\/index.php\/wp-json\/wp\/v2\/types\/page"}],"author":[{"embeddable":true,"href":"https:\/\/e-clid.io\/index.php\/wp-json\/wp\/v2\/users\/1"}],"replies":[{"embeddable":true,"href":"https:\/\/e-clid.io\/index.php\/wp-json\/wp\/v2\/comments?post=67"}],"version-history":[{"count":28,"href":"https:\/\/e-clid.io\/index.php\/wp-json\/wp\/v2\/pages\/67\/revisions"}],"predecessor-version":[{"id":745,"href":"https:\/\/e-clid.io\/index.php\/wp-json\/wp\/v2\/pages\/67\/revisions\/745"}],"wp:attachment":[{"href":"https:\/\/e-clid.io\/index.php\/wp-json\/wp\/v2\/media?parent=67"}],"wp:term":[{"taxonomy":"folder","embeddable":true,"href":"https:\/\/e-clid.io\/index.php\/wp-json\/wp\/v2\/folder?post=67"}],"curies":[{"name":"wp","href":"https:\/\/api.w.org\/{rel}","templated":true}]}}