{"id":877,"date":"2026-01-13T09:12:30","date_gmt":"2026-01-13T09:12:30","guid":{"rendered":"https:\/\/e-clid.io\/?page_id=877"},"modified":"2026-03-25T08:38:13","modified_gmt":"2026-03-25T08:38:13","slug":"cas-dusage","status":"publish","type":"page","link":"https:\/\/e-clid.io\/index.php\/cas-dusage\/","title":{"rendered":"Cas d&rsquo;usage"},"content":{"rendered":"","protected":false},"excerpt":{"rendered":"","protected":false},"author":1,"featured_media":0,"parent":0,"menu_order":0,"comment_status":"closed","ping_status":"closed","template":"page-tous-cas-dusages","meta":{"inline_featured_image":false,"footnotes":""},"folder":[],"class_list":["post-877","page","type-page","status-publish","hentry"],"yoast_head":"<!-- This site is optimized with the Yoast SEO plugin v27.3 - https:\/\/yoast.com\/product\/yoast-seo-wordpress\/ -->\n<title>Cas d&#039;usage | E-Clid<\/title>\n<meta name=\"robots\" content=\"index, follow, max-snippet:-1, max-image-preview:large, max-video-preview:-1\" \/>\n<link rel=\"canonical\" href=\"https:\/\/e-clid.io\/index.php\/cas-dusage\/\" \/>\n<meta property=\"og:locale\" content=\"fr_FR\" \/>\n<meta property=\"og:type\" content=\"article\" \/>\n<meta property=\"og:title\" content=\"Cas d&#039;usage | E-Clid\" \/>\n<meta property=\"og:url\" content=\"https:\/\/e-clid.io\/index.php\/cas-dusage\/\" \/>\n<meta property=\"og:site_name\" content=\"E-Clid\" \/>\n<meta property=\"article:modified_time\" content=\"2026-03-25T08:38:13+00:00\" \/>\n<meta property=\"og:image\" content=\"https:\/\/e-clid.io\/wp-content\/uploads\/2025\/07\/Screenhot-E-Clid.io_.png\" \/>\n\t<meta property=\"og:image:width\" content=\"1737\" \/>\n\t<meta property=\"og:image:height\" content=\"721\" \/>\n\t<meta property=\"og:image:type\" content=\"image\/png\" \/>\n<meta name=\"twitter:card\" content=\"summary_large_image\" \/>\n<script type=\"application\/ld+json\" class=\"yoast-schema-graph\">{\"@context\":\"https:\\\/\\\/schema.org\",\"@graph\":[{\"@type\":\"WebPage\",\"@id\":\"https:\\\/\\\/e-clid.io\\\/index.php\\\/cas-dusage\\\/\",\"url\":\"https:\\\/\\\/e-clid.io\\\/index.php\\\/cas-dusage\\\/\",\"name\":\"Cas d'usage | E-Clid\",\"isPartOf\":{\"@id\":\"https:\\\/\\\/e-clid.io\\\/#website\"},\"datePublished\":\"2026-01-13T09:12:30+00:00\",\"dateModified\":\"2026-03-25T08:38:13+00:00\",\"breadcrumb\":{\"@id\":\"https:\\\/\\\/e-clid.io\\\/index.php\\\/cas-dusage\\\/#breadcrumb\"},\"inLanguage\":\"fr-FR\",\"potentialAction\":[{\"@type\":\"ReadAction\",\"target\":[\"https:\\\/\\\/e-clid.io\\\/index.php\\\/cas-dusage\\\/\"]}]},{\"@type\":\"BreadcrumbList\",\"@id\":\"https:\\\/\\\/e-clid.io\\\/index.php\\\/cas-dusage\\\/#breadcrumb\",\"itemListElement\":[{\"@type\":\"ListItem\",\"position\":1,\"name\":\"Accueil\",\"item\":\"https:\\\/\\\/e-clid.io\\\/\"},{\"@type\":\"ListItem\",\"position\":2,\"name\":\"Cas d&rsquo;usage\"}]},{\"@type\":\"WebSite\",\"@id\":\"https:\\\/\\\/e-clid.io\\\/#website\",\"url\":\"https:\\\/\\\/e-clid.io\\\/\",\"name\":\"E-Clid\",\"description\":\"L\u2019automatisation des contr\u00f4les des donn\u00e9es comptables au sein d\u2019un m\u00eame logiciel.\",\"alternateName\":\"E-Clid, Acc\u00e9l\u00e9rateur de cl\u00f4ture !\",\"potentialAction\":[{\"@type\":\"SearchAction\",\"target\":{\"@type\":\"EntryPoint\",\"urlTemplate\":\"https:\\\/\\\/e-clid.io\\\/?s={search_term_string}\"},\"query-input\":{\"@type\":\"PropertyValueSpecification\",\"valueRequired\":true,\"valueName\":\"search_term_string\"}}],\"inLanguage\":\"fr-FR\"}]}<\/script>\n<!-- \/ Yoast SEO plugin. -->","yoast_head_json":{"title":"Cas d'usage | E-Clid","robots":{"index":"index","follow":"follow","max-snippet":"max-snippet:-1","max-image-preview":"max-image-preview:large","max-video-preview":"max-video-preview:-1"},"canonical":"https:\/\/e-clid.io\/index.php\/cas-dusage\/","og_locale":"fr_FR","og_type":"article","og_title":"Cas d'usage | E-Clid","og_url":"https:\/\/e-clid.io\/index.php\/cas-dusage\/","og_site_name":"E-Clid","article_modified_time":"2026-03-25T08:38:13+00:00","og_image":[{"width":1737,"height":721,"url":"https:\/\/e-clid.io\/wp-content\/uploads\/2025\/07\/Screenhot-E-Clid.io_.png","type":"image\/png"}],"twitter_card":"summary_large_image","schema":{"@context":"https:\/\/schema.org","@graph":[{"@type":"WebPage","@id":"https:\/\/e-clid.io\/index.php\/cas-dusage\/","url":"https:\/\/e-clid.io\/index.php\/cas-dusage\/","name":"Cas d'usage | E-Clid","isPartOf":{"@id":"https:\/\/e-clid.io\/#website"},"datePublished":"2026-01-13T09:12:30+00:00","dateModified":"2026-03-25T08:38:13+00:00","breadcrumb":{"@id":"https:\/\/e-clid.io\/index.php\/cas-dusage\/#breadcrumb"},"inLanguage":"fr-FR","potentialAction":[{"@type":"ReadAction","target":["https:\/\/e-clid.io\/index.php\/cas-dusage\/"]}]},{"@type":"BreadcrumbList","@id":"https:\/\/e-clid.io\/index.php\/cas-dusage\/#breadcrumb","itemListElement":[{"@type":"ListItem","position":1,"name":"Accueil","item":"https:\/\/e-clid.io\/"},{"@type":"ListItem","position":2,"name":"Cas d&rsquo;usage"}]},{"@type":"WebSite","@id":"https:\/\/e-clid.io\/#website","url":"https:\/\/e-clid.io\/","name":"E-Clid","description":"L\u2019automatisation des contr\u00f4les des donn\u00e9es comptables au sein d\u2019un m\u00eame logiciel.","alternateName":"E-Clid, Acc\u00e9l\u00e9rateur de cl\u00f4ture !","potentialAction":[{"@type":"SearchAction","target":{"@type":"EntryPoint","urlTemplate":"https:\/\/e-clid.io\/?s={search_term_string}"},"query-input":{"@type":"PropertyValueSpecification","valueRequired":true,"valueName":"search_term_string"}}],"inLanguage":"fr-FR"}]}},"_links":{"self":[{"href":"https:\/\/e-clid.io\/index.php\/wp-json\/wp\/v2\/pages\/877","targetHints":{"allow":["GET"]}}],"collection":[{"href":"https:\/\/e-clid.io\/index.php\/wp-json\/wp\/v2\/pages"}],"about":[{"href":"https:\/\/e-clid.io\/index.php\/wp-json\/wp\/v2\/types\/page"}],"author":[{"embeddable":true,"href":"https:\/\/e-clid.io\/index.php\/wp-json\/wp\/v2\/users\/1"}],"replies":[{"embeddable":true,"href":"https:\/\/e-clid.io\/index.php\/wp-json\/wp\/v2\/comments?post=877"}],"version-history":[{"count":3,"href":"https:\/\/e-clid.io\/index.php\/wp-json\/wp\/v2\/pages\/877\/revisions"}],"predecessor-version":[{"id":986,"href":"https:\/\/e-clid.io\/index.php\/wp-json\/wp\/v2\/pages\/877\/revisions\/986"}],"wp:attachment":[{"href":"https:\/\/e-clid.io\/index.php\/wp-json\/wp\/v2\/media?parent=877"}],"wp:term":[{"taxonomy":"folder","embeddable":true,"href":"https:\/\/e-clid.io\/index.php\/wp-json\/wp\/v2\/folder?post=877"}],"curies":[{"name":"wp","href":"https:\/\/api.w.org\/{rel}","templated":true}]}}